
{"id":769,"date":"2020-12-09T13:24:02","date_gmt":"2020-12-09T13:24:02","guid":{"rendered":"https:\/\/semaparc.ro\/?page_id=769"},"modified":"2020-12-16T12:01:53","modified_gmt":"2020-12-16T12:01:53","slug":"_pag-categorie-sema-incifre","status":"publish","type":"page","link":"https:\/\/semaparc.ro\/en\/_pag-categorie-sema-incifre\/","title":{"rendered":"_pag-categorie-sema-incifre"},"content":{"rendered":"<div class=\"wpb-content-wrapper\"><div class=\"vc_row wpb_row vc_row-fluid\"><div class=\"wpb_column vc_column_container vc_col-sm-12\"><div class=\"vc_column-inner\"><div class=\"wpb_wrapper\">\n\t<div class=\"wpb_text_column wpb_content_element\" >\n\t\t<div class=\"wpb_wrapper\">\n\t\t\t<h3 class=\"title-incifre\">Office area in figures today<\/h3>\n\n\t\t<\/div>\n\t<\/div>\n<div class=\"vc_row wpb_row vc_inner vc_row-fluid row-cifre\"><div class=\"wpb_column vc_column_container vc_col-sm-4\"><div class=\"vc_column-inner\"><div class=\"wpb_wrapper\"><div class=\"vc_empty_space  sp-2\"   style=\"height: 32px\"><span class=\"vc_empty_space_inner\"><\/span><\/div>\n\t<div class=\"wpb_text_column wpb_content_element\" >\n\t\t<div class=\"wpb_wrapper\">\n\t\t\t<p class=\"cifre\"><span class=\"c-top\">Over<\/span><span class=\"c-middle\"><span class=\"c-cifra\">127<\/span><span class=\"c-mii-mp\"><span class=\"c-mii\">k<\/span> <span class=\"c-mp\">sqm<\/span><\/span><\/span> <span class=\"c-bottom\">GBA<\/span><\/p>\n\n\t\t<\/div>\n\t<\/div>\n<\/div><\/div><\/div><div class=\"wpb_column vc_column_container vc_col-sm-4\"><div class=\"vc_column-inner\"><div class=\"wpb_wrapper\"><div class=\"vc_empty_space  sp-2\"   style=\"height: 32px\"><span class=\"vc_empty_space_inner\"><\/span><\/div>\n\t<div class=\"wpb_text_column wpb_content_element\" >\n\t\t<div class=\"wpb_wrapper\">\n\t\t\t<p class=\"cifre\"><span class=\"c-top\">More than<\/span><span class=\"c-middle\"><span class=\"c-cifra\">116<\/span><span class=\"c-mii-mp\"><span class=\"c-mii\">k<\/span> <span class=\"c-mp\">sqm<\/span><\/span><\/span> <span class=\"c-bottom\">GLA<\/span><\/p>\n\n\t\t<\/div>\n\t<\/div>\n<\/div><\/div><\/div><div class=\"wpb_column vc_column_container vc_col-sm-4\"><div class=\"vc_column-inner\"><div class=\"wpb_wrapper\"><div class=\"vc_empty_space  sp-2\"   style=\"height: 32px\"><span class=\"vc_empty_space_inner\"><\/span><\/div>\n\t<div class=\"wpb_text_column wpb_content_element\" >\n\t\t<div class=\"wpb_wrapper\">\n\t\t\t<p class=\"cifre translation-block\"><span class=\"c-top\">\u00a0<\/span><span class=\"c-middle\"><span class=\"c-cifra\">1468<\/span><span class=\"c-mii-mp\"><span class=\"c-mii\">\u00a0<\/span> <span class=\"c-mp\">\u00a0<\/span><\/span><\/span> <span class=\"c-bottom\">Parking spaces above<br>\n ground &amp; underground<\/span><\/p>\n\n\t\t<\/div>\n\t<\/div>\n<\/div><\/div><\/div><\/div><\/div><\/div><\/div><\/div>\n<\/div>","protected":false},"excerpt":{"rendered":"Zona de afaceri, \u00een cifre Peste127mii mp Suprafa\u021b\u0103 total\u0103 construit\u0103 Mai mult de116mii mp Suprafa\u021b\u0103 total\u0103 \u00eenchiriabil\u0103 \u00a01468\u00a0 \u00a0 Locuri de parcare supraterane \u0219i subterane","protected":false},"author":1,"featured_media":0,"parent":0,"menu_order":0,"comment_status":"closed","ping_status":"closed","template":"","meta":{"footnotes":""},"class_list":["post-769","page","type-page","status-publish","hentry"],"acf":[],"yoast_head":"<!-- This site is optimized with the Yoast SEO plugin v27.2 - https:\/\/yoast.com\/product\/yoast-seo-wordpress\/ -->\n<title>_pag-categorie-sema-incifre - Sema Parc<\/title>\n<meta name=\"robots\" content=\"index, follow, max-snippet:-1, max-image-preview:large, max-video-preview:-1\" \/>\n<link rel=\"canonical\" href=\"https:\/\/semaparc.ro\/en\/_pag-categorie-sema-incifre\/\" \/>\n<meta property=\"og:locale\" content=\"en_US\" \/>\n<meta property=\"og:type\" content=\"article\" \/>\n<meta property=\"og:title\" content=\"_pag-categorie-sema-incifre - Sema Parc\" \/>\n<meta property=\"og:url\" content=\"https:\/\/semaparc.ro\/en\/_pag-categorie-sema-incifre\/\" \/>\n<meta property=\"og:site_name\" content=\"Sema Parc\" \/>\n<meta property=\"article:modified_time\" content=\"2020-12-16T12:01:53+00:00\" \/>\n<meta name=\"twitter:card\" content=\"summary_large_image\" \/>\n<meta name=\"twitter:label1\" content=\"Est. reading time\" \/>\n\t<meta name=\"twitter:data1\" content=\"1 minute\" \/>\n<script type=\"application\/ld+json\" class=\"yoast-schema-graph\">{\"@context\":\"https:\/\/schema.org\",\"@graph\":[{\"@type\":\"WebPage\",\"@id\":\"https:\/\/semaparc.ro\/en\/_pag-categorie-sema-incifre\/\",\"url\":\"https:\/\/semaparc.ro\/en\/_pag-categorie-sema-incifre\/\",\"name\":\"_pag-categorie-sema-incifre - Sema Parc\",\"isPartOf\":{\"@id\":\"https:\/\/semaparc.ro\/#website\"},\"datePublished\":\"2020-12-09T13:24:02+00:00\",\"dateModified\":\"2020-12-16T12:01:53+00:00\",\"breadcrumb\":{\"@id\":\"https:\/\/semaparc.ro\/en\/_pag-categorie-sema-incifre\/#breadcrumb\"},\"inLanguage\":\"en-US\",\"potentialAction\":[{\"@type\":\"ReadAction\",\"target\":[\"https:\/\/semaparc.ro\/en\/_pag-categorie-sema-incifre\/\"]}]},{\"@type\":\"BreadcrumbList\",\"@id\":\"https:\/\/semaparc.ro\/en\/_pag-categorie-sema-incifre\/#breadcrumb\",\"itemListElement\":[{\"@type\":\"ListItem\",\"position\":1,\"name\":\"Prima pagin\u0103\",\"item\":\"https:\/\/semaparc.ro\/\"},{\"@type\":\"ListItem\",\"position\":2,\"name\":\"_pag-categorie-sema-incifre\"}]},{\"@type\":\"WebSite\",\"@id\":\"https:\/\/semaparc.ro\/#website\",\"url\":\"https:\/\/semaparc.ro\/\",\"name\":\"Sema Parc\",\"description\":\"\u00cen inima comunit\u0103\u021bii\",\"potentialAction\":[{\"@type\":\"SearchAction\",\"target\":{\"@type\":\"EntryPoint\",\"urlTemplate\":\"https:\/\/semaparc.ro\/?s={search_term_string}\"},\"query-input\":{\"@type\":\"PropertyValueSpecification\",\"valueRequired\":true,\"valueName\":\"search_term_string\"}}],\"inLanguage\":\"en-US\"}]}<\/script>\n<!-- \/ Yoast SEO plugin. -->","yoast_head_json":{"title":"_pag-categorie-sema-incifre - Sema Parc","robots":{"index":"index","follow":"follow","max-snippet":"max-snippet:-1","max-image-preview":"max-image-preview:large","max-video-preview":"max-video-preview:-1"},"canonical":"https:\/\/semaparc.ro\/en\/_pag-categorie-sema-incifre\/","og_locale":"en_US","og_type":"article","og_title":"_pag-categorie-sema-incifre - Sema Parc","og_url":"https:\/\/semaparc.ro\/en\/_pag-categorie-sema-incifre\/","og_site_name":"Sema Parc","article_modified_time":"2020-12-16T12:01:53+00:00","twitter_card":"summary_large_image","twitter_misc":{"Est. reading time":"1 minute"},"schema":{"@context":"https:\/\/schema.org","@graph":[{"@type":"WebPage","@id":"https:\/\/semaparc.ro\/en\/_pag-categorie-sema-incifre\/","url":"https:\/\/semaparc.ro\/en\/_pag-categorie-sema-incifre\/","name":"_pag-categorie-sema-incifre - Sema Parc","isPartOf":{"@id":"https:\/\/semaparc.ro\/#website"},"datePublished":"2020-12-09T13:24:02+00:00","dateModified":"2020-12-16T12:01:53+00:00","breadcrumb":{"@id":"https:\/\/semaparc.ro\/en\/_pag-categorie-sema-incifre\/#breadcrumb"},"inLanguage":"en-US","potentialAction":[{"@type":"ReadAction","target":["https:\/\/semaparc.ro\/en\/_pag-categorie-sema-incifre\/"]}]},{"@type":"BreadcrumbList","@id":"https:\/\/semaparc.ro\/en\/_pag-categorie-sema-incifre\/#breadcrumb","itemListElement":[{"@type":"ListItem","position":1,"name":"Prima pagin\u0103","item":"https:\/\/semaparc.ro\/"},{"@type":"ListItem","position":2,"name":"_pag-categorie-sema-incifre"}]},{"@type":"WebSite","@id":"https:\/\/semaparc.ro\/#website","url":"https:\/\/semaparc.ro\/","name":"Sema Parc","description":"In the heart of the community","potentialAction":[{"@type":"SearchAction","target":{"@type":"EntryPoint","urlTemplate":"https:\/\/semaparc.ro\/?s={search_term_string}"},"query-input":{"@type":"PropertyValueSpecification","valueRequired":true,"valueName":"search_term_string"}}],"inLanguage":"en-US"}]}},"_links":{"self":[{"href":"https:\/\/semaparc.ro\/en\/wp-json\/wp\/v2\/pages\/769","targetHints":{"allow":["GET"]}}],"collection":[{"href":"https:\/\/semaparc.ro\/en\/wp-json\/wp\/v2\/pages"}],"about":[{"href":"https:\/\/semaparc.ro\/en\/wp-json\/wp\/v2\/types\/page"}],"author":[{"embeddable":true,"href":"https:\/\/semaparc.ro\/en\/wp-json\/wp\/v2\/users\/1"}],"replies":[{"embeddable":true,"href":"https:\/\/semaparc.ro\/en\/wp-json\/wp\/v2\/comments?post=769"}],"version-history":[{"count":11,"href":"https:\/\/semaparc.ro\/en\/wp-json\/wp\/v2\/pages\/769\/revisions"}],"predecessor-version":[{"id":1038,"href":"https:\/\/semaparc.ro\/en\/wp-json\/wp\/v2\/pages\/769\/revisions\/1038"}],"wp:attachment":[{"href":"https:\/\/semaparc.ro\/en\/wp-json\/wp\/v2\/media?parent=769"}],"curies":[{"name":"wp","href":"https:\/\/api.w.org\/{rel}","templated":true}]}}