
{"id":564,"date":"2020-07-31T23:15:27","date_gmt":"2020-07-31T23:15:27","guid":{"rendered":"https:\/\/semaparc.ro\/?page_id=564"},"modified":"2020-07-31T23:15:27","modified_gmt":"2020-07-31T23:15:27","slug":"_rz-dotari","status":"publish","type":"page","link":"https:\/\/semaparc.ro\/en\/_rz-dotari\/","title":{"rendered":"_rz-dotari"},"content":{"rendered":"<div class=\"wpb-content-wrapper\"><div class=\"vc_row wpb_row vc_row-fluid\"><div class=\"wpb_column vc_column_container vc_col-sm-12\"><div class=\"vc_column-inner\"><div class=\"wpb_wrapper\">\n\t<div class=\"wpb_text_column wpb_content_element\" >\n\t\t<div class=\"wpb_wrapper\">\n\t\t\t<h2 class=\"small mb\">Dot\u0103ri \u0219i finisaje<\/h2>\n<p class=\"intro\">Tot ce ai nevoie ca s\u0103 te sim\u021bi acas\u0103 &#8211; confortul, siguran\u021ba, spa\u021bialitatea, modernitatea se vor reg\u0103si din plin \u00een oricare din apartamentele din ansamblul reziden\u021bial Sema Parc.<\/p>\n\n\t\t<\/div>\n\t<\/div>\n<\/div><\/div><\/div><\/div><div class=\"vc_row wpb_row vc_row-fluid\"><div class=\"wpb_column vc_column_container vc_col-sm-12\"><div class=\"vc_column-inner\"><div class=\"wpb_wrapper\"><div class=\"vc_row wpb_row vc_inner vc_row-fluid\"><div class=\"wpb_column vc_column_container vc_col-sm-6 vc_col-lg-3 vc_col-md-4\"><div class=\"vc_column-inner\"><div class=\"wpb_wrapper\"><div class=\"evc-image-with-text evc-shortcode\">\n\t<div class=\"evc-iwt-image\">\n\t\t\t\t\n\t\t\t\t\n\t\t<img loading=\"lazy\" decoding=\"async\" width=\"1920\" height=\"960\" src=\"https:\/\/semaparc.ro\/wp-content\/uploads\/About-Sema-Parc-2-b.jpg\" class=\"attachment-full size-full\" alt=\"\" srcset=\"https:\/\/semaparc.ro\/wp-content\/uploads\/About-Sema-Parc-2-b.jpg 1920w, https:\/\/semaparc.ro\/wp-content\/uploads\/About-Sema-Parc-2-b-611x306.jpg 611w, https:\/\/semaparc.ro\/wp-content\/uploads\/About-Sema-Parc-2-b-1270x635.jpg 1270w, https:\/\/semaparc.ro\/wp-content\/uploads\/About-Sema-Parc-2-b-768x384.jpg 768w, https:\/\/semaparc.ro\/wp-content\/uploads\/About-Sema-Parc-2-b-1536x768.jpg 1536w\" sizes=\"auto, (max-width: 1920px) 100vw, 1920px\" \/>\t\t\n\t\t\t<\/div>\n\t<div class=\"evc-iwt-content\">\n\t\t\t\t\t\t\t<p class=\"evc-iwt-text\" >Pardoseli optionale de parchet de diverse tipuri, dar \u0219i gresie \u0219i granit<\/p>\n\t\t\t<\/div>\n<\/div>\n<\/div><\/div><\/div><div class=\"wpb_column vc_column_container vc_col-sm-6 vc_col-lg-3 vc_col-md-4\"><div class=\"vc_column-inner\"><div class=\"wpb_wrapper\"><div class=\"evc-image-with-text evc-shortcode\">\n\t<div class=\"evc-iwt-image\">\n\t\t\t\t\n\t\t\t\t\n\t\t<img loading=\"lazy\" decoding=\"async\" width=\"1920\" height=\"960\" src=\"https:\/\/semaparc.ro\/wp-content\/uploads\/About-Sema-Parc-2-b.jpg\" class=\"attachment-full size-full\" alt=\"\" srcset=\"https:\/\/semaparc.ro\/wp-content\/uploads\/About-Sema-Parc-2-b.jpg 1920w, https:\/\/semaparc.ro\/wp-content\/uploads\/About-Sema-Parc-2-b-611x306.jpg 611w, https:\/\/semaparc.ro\/wp-content\/uploads\/About-Sema-Parc-2-b-1270x635.jpg 1270w, https:\/\/semaparc.ro\/wp-content\/uploads\/About-Sema-Parc-2-b-768x384.jpg 768w, https:\/\/semaparc.ro\/wp-content\/uploads\/About-Sema-Parc-2-b-1536x768.jpg 1536w\" sizes=\"auto, (max-width: 1920px) 100vw, 1920px\" \/>\t\t\n\t\t\t<\/div>\n\t<div class=\"evc-iwt-content\">\n\t\t\t\t\t\t\t<p class=\"evc-iwt-text\" >Buc\u0103t\u0103riile au toate geam \u00een exterior, permit\u00e2nd buna aerisire natural\u0103<\/p>\n\t\t\t<\/div>\n<\/div>\n<\/div><\/div><\/div><div class=\"wpb_column vc_column_container vc_col-sm-6 vc_col-lg-3 vc_col-md-4\"><div class=\"vc_column-inner\"><div class=\"wpb_wrapper\"><div class=\"evc-image-with-text evc-shortcode\">\n\t<div class=\"evc-iwt-image\">\n\t\t\t\t\n\t\t\t\t\n\t\t<img loading=\"lazy\" decoding=\"async\" width=\"1920\" height=\"960\" src=\"https:\/\/semaparc.ro\/wp-content\/uploads\/About-Sema-Parc-2-b.jpg\" class=\"attachment-full size-full\" alt=\"\" srcset=\"https:\/\/semaparc.ro\/wp-content\/uploads\/About-Sema-Parc-2-b.jpg 1920w, https:\/\/semaparc.ro\/wp-content\/uploads\/About-Sema-Parc-2-b-611x306.jpg 611w, https:\/\/semaparc.ro\/wp-content\/uploads\/About-Sema-Parc-2-b-1270x635.jpg 1270w, https:\/\/semaparc.ro\/wp-content\/uploads\/About-Sema-Parc-2-b-768x384.jpg 768w, https:\/\/semaparc.ro\/wp-content\/uploads\/About-Sema-Parc-2-b-1536x768.jpg 1536w\" sizes=\"auto, (max-width: 1920px) 100vw, 1920px\" \/>\t\t\n\t\t\t<\/div>\n\t<div class=\"evc-iwt-content\">\n\t\t\t\t\t\t\t<p class=\"evc-iwt-text\" >Lipsa instala\u021biilor de gaz, \u00eentregul proces de g\u0103tit alimentele se va face electric, elimin\u00e2ndu-se astfel orice orice surs\u0103 de incendiu din buc\u0103t\u0103rie \u0219i nu \u00een ultimul r\u00e2nd, asigur\u0103 un randament caloric mai bun fa\u021b\u0103 de solu\u021bia clasic\u0103 pe gaz<\/p>\n\t\t\t<\/div>\n<\/div>\n<\/div><\/div><\/div><div class=\"wpb_column vc_column_container vc_col-sm-6 vc_col-lg-3 vc_col-md-4\"><div class=\"vc_column-inner\"><div class=\"wpb_wrapper\"><div class=\"evc-image-with-text evc-shortcode\">\n\t<div class=\"evc-iwt-image\">\n\t\t\t\t\n\t\t\t\t\n\t\t<img loading=\"lazy\" decoding=\"async\" width=\"1920\" height=\"960\" src=\"https:\/\/semaparc.ro\/wp-content\/uploads\/About-Sema-Parc-2-b.jpg\" class=\"attachment-full size-full\" alt=\"\" srcset=\"https:\/\/semaparc.ro\/wp-content\/uploads\/About-Sema-Parc-2-b.jpg 1920w, https:\/\/semaparc.ro\/wp-content\/uploads\/About-Sema-Parc-2-b-611x306.jpg 611w, https:\/\/semaparc.ro\/wp-content\/uploads\/About-Sema-Parc-2-b-1270x635.jpg 1270w, https:\/\/semaparc.ro\/wp-content\/uploads\/About-Sema-Parc-2-b-768x384.jpg 768w, https:\/\/semaparc.ro\/wp-content\/uploads\/About-Sema-Parc-2-b-1536x768.jpg 1536w\" sizes=\"auto, (max-width: 1920px) 100vw, 1920px\" \/>\t\t\n\t\t\t<\/div>\n\t<div class=\"evc-iwt-content\">\n\t\t\t\t\t\t\t<p class=\"evc-iwt-text\" >Sistem de climatizare asigurat \u00een fiecare camer\u0103 (living \u0219i dormitoare) prin unit\u0103\u021bi interioare \u00eencastrate \u00een tavanul suspendat<\/p>\n\t\t\t<\/div>\n<\/div>\n<\/div><\/div><\/div><div class=\"wpb_column vc_column_container vc_col-sm-6 vc_col-lg-3 vc_col-md-4\"><div class=\"vc_column-inner\"><div class=\"wpb_wrapper\"><div class=\"evc-image-with-text evc-shortcode\">\n\t<div class=\"evc-iwt-image\">\n\t\t\t\t\n\t\t\t\t\n\t\t<img loading=\"lazy\" decoding=\"async\" width=\"1920\" height=\"960\" src=\"https:\/\/semaparc.ro\/wp-content\/uploads\/About-Sema-Parc-2-b.jpg\" class=\"attachment-full size-full\" alt=\"\" srcset=\"https:\/\/semaparc.ro\/wp-content\/uploads\/About-Sema-Parc-2-b.jpg 1920w, https:\/\/semaparc.ro\/wp-content\/uploads\/About-Sema-Parc-2-b-611x306.jpg 611w, https:\/\/semaparc.ro\/wp-content\/uploads\/About-Sema-Parc-2-b-1270x635.jpg 1270w, https:\/\/semaparc.ro\/wp-content\/uploads\/About-Sema-Parc-2-b-768x384.jpg 768w, https:\/\/semaparc.ro\/wp-content\/uploads\/About-Sema-Parc-2-b-1536x768.jpg 1536w\" sizes=\"auto, (max-width: 1920px) 100vw, 1920px\" \/>\t\t\n\t\t\t<\/div>\n\t<div class=\"evc-iwt-content\">\n\t\t\t\t\t\t\t<p class=\"evc-iwt-text\" >Apartamente dotate cu alarme, iar buc\u0103t\u0103ria cu senzor de fum<\/p>\n\t\t\t<\/div>\n<\/div>\n<\/div><\/div><\/div><div class=\"wpb_column vc_column_container vc_col-sm-6 vc_col-lg-3 vc_col-md-4\"><div class=\"vc_column-inner\"><div class=\"wpb_wrapper\"><div class=\"evc-image-with-text evc-shortcode\">\n\t<div class=\"evc-iwt-image\">\n\t\t\t\t\n\t\t\t\t\n\t\t<img loading=\"lazy\" decoding=\"async\" width=\"1920\" height=\"960\" src=\"https:\/\/semaparc.ro\/wp-content\/uploads\/About-Sema-Parc-2-b.jpg\" class=\"attachment-full size-full\" alt=\"\" srcset=\"https:\/\/semaparc.ro\/wp-content\/uploads\/About-Sema-Parc-2-b.jpg 1920w, https:\/\/semaparc.ro\/wp-content\/uploads\/About-Sema-Parc-2-b-611x306.jpg 611w, https:\/\/semaparc.ro\/wp-content\/uploads\/About-Sema-Parc-2-b-1270x635.jpg 1270w, https:\/\/semaparc.ro\/wp-content\/uploads\/About-Sema-Parc-2-b-768x384.jpg 768w, https:\/\/semaparc.ro\/wp-content\/uploads\/About-Sema-Parc-2-b-1536x768.jpg 1536w\" sizes=\"auto, (max-width: 1920px) 100vw, 1920px\" \/>\t\t\n\t\t\t<\/div>\n\t<div class=\"evc-iwt-content\">\n\t\t\t\t\t\t\t<p class=\"evc-iwt-text\" >B\u0103ile beneficiaz\u0103 de toate dot\u0103rile specifice, inclusiv de instala\u021bii de aerisire<\/p>\n\t\t\t<\/div>\n<\/div>\n<\/div><\/div><\/div><div class=\"wpb_column vc_column_container vc_col-sm-6 vc_col-lg-3 vc_col-md-4\"><div class=\"vc_column-inner\"><div class=\"wpb_wrapper\"><div class=\"evc-image-with-text evc-shortcode\">\n\t<div class=\"evc-iwt-image\">\n\t\t\t\t\n\t\t\t\t\n\t\t<img loading=\"lazy\" decoding=\"async\" width=\"1920\" height=\"960\" src=\"https:\/\/semaparc.ro\/wp-content\/uploads\/About-Sema-Parc-2-b.jpg\" class=\"attachment-full size-full\" alt=\"\" srcset=\"https:\/\/semaparc.ro\/wp-content\/uploads\/About-Sema-Parc-2-b.jpg 1920w, https:\/\/semaparc.ro\/wp-content\/uploads\/About-Sema-Parc-2-b-611x306.jpg 611w, https:\/\/semaparc.ro\/wp-content\/uploads\/About-Sema-Parc-2-b-1270x635.jpg 1270w, https:\/\/semaparc.ro\/wp-content\/uploads\/About-Sema-Parc-2-b-768x384.jpg 768w, https:\/\/semaparc.ro\/wp-content\/uploads\/About-Sema-Parc-2-b-1536x768.jpg 1536w\" sizes=\"auto, (max-width: 1920px) 100vw, 1920px\" \/>\t\t\n\t\t\t<\/div>\n\t<div class=\"evc-iwt-content\">\n\t\t\t\t\t\t\t<p class=\"evc-iwt-text\" >\u00cenc\u0103lzirea se realizeaz\u0103 prin radiatoare \u0219i convectoare de pardoseal\u0103<\/p>\n\t\t\t<\/div>\n<\/div>\n<\/div><\/div><\/div><div class=\"wpb_column vc_column_container vc_col-sm-6 vc_col-lg-3 vc_col-md-4\"><div class=\"vc_column-inner\"><div class=\"wpb_wrapper\"><div class=\"evc-image-with-text evc-shortcode\">\n\t<div class=\"evc-iwt-image\">\n\t\t\t\t\n\t\t\t\t\n\t\t<img loading=\"lazy\" decoding=\"async\" width=\"1920\" height=\"960\" src=\"https:\/\/semaparc.ro\/wp-content\/uploads\/About-Sema-Parc-2-b.jpg\" class=\"attachment-full size-full\" alt=\"\" srcset=\"https:\/\/semaparc.ro\/wp-content\/uploads\/About-Sema-Parc-2-b.jpg 1920w, https:\/\/semaparc.ro\/wp-content\/uploads\/About-Sema-Parc-2-b-611x306.jpg 611w, https:\/\/semaparc.ro\/wp-content\/uploads\/About-Sema-Parc-2-b-1270x635.jpg 1270w, https:\/\/semaparc.ro\/wp-content\/uploads\/About-Sema-Parc-2-b-768x384.jpg 768w, https:\/\/semaparc.ro\/wp-content\/uploads\/About-Sema-Parc-2-b-1536x768.jpg 1536w\" sizes=\"auto, (max-width: 1920px) 100vw, 1920px\" \/>\t\t\n\t\t\t<\/div>\n\t<div class=\"evc-iwt-content\">\n\t\t\t\t\t\t\t<p class=\"evc-iwt-text\" >Sistem de securitate, accesul \u00een ansamblu este controlat prin bariere pentru accesul auto \u0219i sistem de interfon pentru toate accesele pietonale \u00een cl\u0103diri<\/p>\n\t\t\t<\/div>\n<\/div>\n<\/div><\/div><\/div><\/div><\/div><\/div><\/div><\/div>\n<\/div>","protected":false},"excerpt":{"rendered":"Dot\u0103ri \u0219i finisaje Tot ce ai nevoie ca s\u0103 te sim\u021bi acas\u0103 - confortul, siguran\u021ba, spa\u021bialitatea, modernitatea se vor reg\u0103si din plin \u00een oricare din apartamentele din ansamblul reziden\u021bial Sema Parc. Pardoseli optionale de parchet de diverse tipuri, dar \u0219i gresie \u0219i granit Buc\u0103t\u0103riile au toate geam \u00een exterior, permit\u00e2nd buna aerisire natural\u0103 Lipsa instala\u021biilor [...]","protected":false},"author":1,"featured_media":0,"parent":0,"menu_order":0,"comment_status":"closed","ping_status":"closed","template":"","meta":{"footnotes":""},"class_list":["post-564","page","type-page","status-publish","hentry"],"acf":[],"yoast_head":"<!-- This site is optimized with the Yoast SEO plugin v27.3 - https:\/\/yoast.com\/product\/yoast-seo-wordpress\/ -->\n<title>_rz-dotari - Sema Parc<\/title>\n<meta name=\"robots\" content=\"index, follow, max-snippet:-1, max-image-preview:large, max-video-preview:-1\" \/>\n<link rel=\"canonical\" href=\"https:\/\/semaparc.ro\/en\/_rz-dotari\/\" \/>\n<meta property=\"og:locale\" content=\"en_US\" \/>\n<meta property=\"og:type\" content=\"article\" \/>\n<meta property=\"og:title\" content=\"_rz-dotari - Sema Parc\" \/>\n<meta property=\"og:url\" content=\"https:\/\/semaparc.ro\/en\/_rz-dotari\/\" \/>\n<meta property=\"og:site_name\" content=\"Sema Parc\" \/>\n<meta name=\"twitter:card\" content=\"summary_large_image\" \/>\n<meta name=\"twitter:label1\" content=\"Est. reading time\" \/>\n\t<meta name=\"twitter:data1\" content=\"4 minutes\" \/>\n<script type=\"application\/ld+json\" class=\"yoast-schema-graph\">{\"@context\":\"https:\\\/\\\/schema.org\",\"@graph\":[{\"@type\":\"WebPage\",\"@id\":\"https:\\\/\\\/semaparc.ro\\\/en\\\/_rz-dotari\\\/\",\"url\":\"https:\\\/\\\/semaparc.ro\\\/en\\\/_rz-dotari\\\/\",\"name\":\"_rz-dotari - Sema Parc\",\"isPartOf\":{\"@id\":\"https:\\\/\\\/semaparc.ro\\\/#website\"},\"datePublished\":\"2020-07-31T23:15:27+00:00\",\"breadcrumb\":{\"@id\":\"https:\\\/\\\/semaparc.ro\\\/en\\\/_rz-dotari\\\/#breadcrumb\"},\"inLanguage\":\"en-US\",\"potentialAction\":[{\"@type\":\"ReadAction\",\"target\":[\"https:\\\/\\\/semaparc.ro\\\/en\\\/_rz-dotari\\\/\"]}]},{\"@type\":\"BreadcrumbList\",\"@id\":\"https:\\\/\\\/semaparc.ro\\\/en\\\/_rz-dotari\\\/#breadcrumb\",\"itemListElement\":[{\"@type\":\"ListItem\",\"position\":1,\"name\":\"Prima pagin\u0103\",\"item\":\"https:\\\/\\\/semaparc.ro\\\/\"},{\"@type\":\"ListItem\",\"position\":2,\"name\":\"_rz-dotari\"}]},{\"@type\":\"WebSite\",\"@id\":\"https:\\\/\\\/semaparc.ro\\\/#website\",\"url\":\"https:\\\/\\\/semaparc.ro\\\/\",\"name\":\"Sema Parc\",\"description\":\"\u00cen inima comunit\u0103\u021bii\",\"potentialAction\":[{\"@type\":\"SearchAction\",\"target\":{\"@type\":\"EntryPoint\",\"urlTemplate\":\"https:\\\/\\\/semaparc.ro\\\/?s={search_term_string}\"},\"query-input\":{\"@type\":\"PropertyValueSpecification\",\"valueRequired\":true,\"valueName\":\"search_term_string\"}}],\"inLanguage\":\"en-US\"}]}<\/script>\n<!-- \/ Yoast SEO plugin. -->","yoast_head_json":{"title":"_rz-dotari - Sema Parc","robots":{"index":"index","follow":"follow","max-snippet":"max-snippet:-1","max-image-preview":"max-image-preview:large","max-video-preview":"max-video-preview:-1"},"canonical":"https:\/\/semaparc.ro\/en\/_rz-dotari\/","og_locale":"en_US","og_type":"article","og_title":"_rz-dotari - Sema Parc","og_url":"https:\/\/semaparc.ro\/en\/_rz-dotari\/","og_site_name":"Sema Parc","twitter_card":"summary_large_image","twitter_misc":{"Est. reading time":"4 minutes"},"schema":{"@context":"https:\/\/schema.org","@graph":[{"@type":"WebPage","@id":"https:\/\/semaparc.ro\/en\/_rz-dotari\/","url":"https:\/\/semaparc.ro\/en\/_rz-dotari\/","name":"_rz-dotari - Sema Parc","isPartOf":{"@id":"https:\/\/semaparc.ro\/#website"},"datePublished":"2020-07-31T23:15:27+00:00","breadcrumb":{"@id":"https:\/\/semaparc.ro\/en\/_rz-dotari\/#breadcrumb"},"inLanguage":"en-US","potentialAction":[{"@type":"ReadAction","target":["https:\/\/semaparc.ro\/en\/_rz-dotari\/"]}]},{"@type":"BreadcrumbList","@id":"https:\/\/semaparc.ro\/en\/_rz-dotari\/#breadcrumb","itemListElement":[{"@type":"ListItem","position":1,"name":"Prima pagin\u0103","item":"https:\/\/semaparc.ro\/"},{"@type":"ListItem","position":2,"name":"_rz-dotari"}]},{"@type":"WebSite","@id":"https:\/\/semaparc.ro\/#website","url":"https:\/\/semaparc.ro\/","name":"Sema Parc","description":"In the heart of the community","potentialAction":[{"@type":"SearchAction","target":{"@type":"EntryPoint","urlTemplate":"https:\/\/semaparc.ro\/?s={search_term_string}"},"query-input":{"@type":"PropertyValueSpecification","valueRequired":true,"valueName":"search_term_string"}}],"inLanguage":"en-US"}]}},"_links":{"self":[{"href":"https:\/\/semaparc.ro\/en\/wp-json\/wp\/v2\/pages\/564","targetHints":{"allow":["GET"]}}],"collection":[{"href":"https:\/\/semaparc.ro\/en\/wp-json\/wp\/v2\/pages"}],"about":[{"href":"https:\/\/semaparc.ro\/en\/wp-json\/wp\/v2\/types\/page"}],"author":[{"embeddable":true,"href":"https:\/\/semaparc.ro\/en\/wp-json\/wp\/v2\/users\/1"}],"replies":[{"embeddable":true,"href":"https:\/\/semaparc.ro\/en\/wp-json\/wp\/v2\/comments?post=564"}],"version-history":[{"count":1,"href":"https:\/\/semaparc.ro\/en\/wp-json\/wp\/v2\/pages\/564\/revisions"}],"predecessor-version":[{"id":565,"href":"https:\/\/semaparc.ro\/en\/wp-json\/wp\/v2\/pages\/564\/revisions\/565"}],"wp:attachment":[{"href":"https:\/\/semaparc.ro\/en\/wp-json\/wp\/v2\/media?parent=564"}],"curies":[{"name":"wp","href":"https:\/\/api.w.org\/{rel}","templated":true}]}}