
{"id":470,"date":"2020-07-30T19:44:42","date_gmt":"2020-07-30T19:44:42","guid":{"rendered":"https:\/\/semaparc.ro\/?page_id=470"},"modified":"2020-07-31T14:01:45","modified_gmt":"2020-07-31T14:01:45","slug":"despre-proiect","status":"publish","type":"page","link":"https:\/\/semaparc.ro\/en\/despre-proiect\/","title":{"rendered":"Despre proiect"},"content":{"rendered":"<div class=\"wpb-content-wrapper\"><section class=\"vc_section section s-nopadding s-hero s-hero-categorie s-maxh\"><div data-vc-full-width=\"true\" data-vc-full-width-init=\"false\" data-vc-stretch-content=\"true\" class=\"vc_row wpb_row vc_row-fluid vc_row-no-padding vc_row-o-full-height vc_row-o-columns-middle vc_row-flex\"><div class=\"wpb_column vc_column_container vc_col-sm-12\"><div class=\"vc_column-inner\"><div class=\"wpb_wrapper\">\n\t<div  class=\"wpb_single_image wpb_content_element vc_align_left wpb_content_element\">\n\t\t\n\t\t<figure class=\"wpb_wrapper vc_figure\">\n\t\t\t<div class=\"vc_single_image-wrapper   vc_box_border_grey\"><img loading=\"lazy\" decoding=\"async\" width=\"1920\" height=\"960\" src=\"https:\/\/semaparc.ro\/wp-content\/uploads\/About-Sema-Parc-2-b.jpg\" class=\"vc_single_image-img attachment-full\" alt=\"\" title=\"About Sema Parc (2)-b\" srcset=\"https:\/\/semaparc.ro\/wp-content\/uploads\/About-Sema-Parc-2-b.jpg 1920w, https:\/\/semaparc.ro\/wp-content\/uploads\/About-Sema-Parc-2-b-611x306.jpg 611w, https:\/\/semaparc.ro\/wp-content\/uploads\/About-Sema-Parc-2-b-1270x635.jpg 1270w, https:\/\/semaparc.ro\/wp-content\/uploads\/About-Sema-Parc-2-b-768x384.jpg 768w, https:\/\/semaparc.ro\/wp-content\/uploads\/About-Sema-Parc-2-b-1536x768.jpg 1536w\" sizes=\"auto, (max-width: 1920px) 100vw, 1920px\" \/><\/div>\n\t\t<\/figure>\n\t<\/div>\n<\/div><\/div><\/div><\/div><div class=\"vc_row-full-width vc_clearfix\"><\/div><\/section><section class=\"vc_section section s-underheader s-yellowline mb0\"><div class=\"vc_row wpb_row vc_row-fluid hero-categorie-top\"><div class=\"wpb_column vc_column_container vc_col-sm-12 vc_col-lg-offset-2 vc_col-lg-8 vc_col-md-offset-1 vc_col-md-10\"><div class=\"vc_column-inner\"><div class=\"wpb_wrapper\">\n\t<div class=\"wpb_text_column wpb_content_element\" >\n\t\t<div class=\"wpb_wrapper\">\n\t\t\t<h1 class=\"under-hero yellow-line\">Despre proiect<\/h1>\n<p class=\"page-intro\">Sema Parc este un proiect de tip mixed-use, ce implic\u0103 dezvoltarea pe urm\u0103toarele destina\u021bii: zona office care cuprinde cl\u0103diri de birouri de clas\u0103 A, zon\u0103 comercial\u0103 &amp; de recreere \u0219i ansamblu reziden\u021bial.<\/p>\n<p class=\"intro\">Conceptul care sta la baza acestui proiect este \u2018\u2019city-in-city\u2019\u2019 si ofer\u0103 toate facilit\u0103\u021bile unui ora\u0219 complet. Mixul de func\u021biuni, \u00eembinate armonios, ofer\u0103 comunit\u0103\u021bii oportunitatea de a redescoperi pl\u0103cerea de a munci, a se distra \u0219i a locui \u00eentr-un centru urban modern.<\/p>\n\n\t\t<\/div>\n\t<\/div>\n\n\t<div class=\"wpb_text_column wpb_content_element\" >\n\t\t<div class=\"wpb_wrapper\">\n\t\t\t<p>Conceptul inedit, calitatea excelent\u0103 a lucr\u0103rilor, dar \u0219i func\u021bionalitatea si valoarea estetica a acestor constructii cu un grad \u00eenalt de tehnologizare sunt elementele care fac diferen\u021ba \u00een Sema Parc. Propunem un stil de via\u021b\u0103 orientat c\u0103tre libertatea de mi\u0219care, confort, relaxare \u0219i siguran\u021b\u0103, aspecte esentiale echilibrului interior.<\/p>\n<p>Sema Parc \u00eenseamn\u0103 un spatiu viu, armonios \u0219i \u00eendr\u0103zne\u021b \u0219i va aduce valoare capitalei \u0219i oamenilor care vor alege s\u0103 locuiasc\u0103 sau s\u0103 lucreze aici.<\/p>\n\n\t\t<\/div>\n\t<\/div>\n<\/div><\/div><\/div><\/div><\/section><section class=\"vc_section s-incifre\"><div class=\"vc_row wpb_row vc_row-fluid\"><div class=\"wpb_column vc_column_container vc_col-sm-12\"><div class=\"vc_column-inner\"><div class=\"wpb_wrapper\">\n\t<div class=\"wpb_text_column wpb_content_element\" >\n\t\t<div class=\"wpb_wrapper\">\n\t\t\t<h3 class=\"center\">Sema Parc \u00een cifre<\/h3>\n\n\t\t<\/div>\n\t<\/div>\n\n\t<div class=\"wpb_text_column wpb_content_element\" >\n\t\t<div class=\"wpb_wrapper\">\n\t\t\t<div data-post-id=\"482\" class=\"insert-page insert-page-482\"><div class=\"wpb-content-wrapper\"><div class=\"vc_row wpb_row vc_row-fluid\"><div class=\"wpb_column vc_column_container vc_col-sm-12\"><div class=\"vc_column-inner\"><div class=\"wpb_wrapper\"><div class=\"vc_row wpb_row vc_inner vc_row-fluid row-cifre\"><div class=\"wpb_column vc_column_container vc_col-sm-3\"><div class=\"vc_column-inner\"><div class=\"wpb_wrapper\">\n\t<div class=\"wpb_text_column wpb_content_element\" >\n\t\t<div class=\"wpb_wrapper\">\n\t\t\t<p class=\"cifre\"><span class=\"c-top\">Over<\/span><span class=\"c-middle\"><span class=\"c-cifra\">964<\/span><span class=\"c-mii-mp\"><span class=\"c-mii\">k<\/span> <span class=\"c-mp\">sqm<\/span><\/span><\/span> <span class=\"c-bottom\">GBA proiect<\/span><\/p>\n\n\t\t<\/div>\n\t<\/div>\n<div class=\"vc_empty_space  sp-2\"   style=\"height: 32px\"><span class=\"vc_empty_space_inner\"><\/span><\/div><\/div><\/div><\/div><div class=\"wpb_column vc_column_container vc_col-sm-3\"><div class=\"vc_column-inner\"><div class=\"wpb_wrapper\">\n\t<div class=\"wpb_text_column wpb_content_element\" >\n\t\t<div class=\"wpb_wrapper\">\n\t\t\t<p class=\"cifre\"><span class=\"c-top\">Over<\/span><span class=\"c-middle\"><span class=\"c-cifra\">526<\/span><span class=\"c-mii-mp\"><span class=\"c-mii\">k<\/span> <span class=\"c-mp\">sqm<\/span><\/span><\/span> <span class=\"c-bottom\">GBA office<\/span><\/p>\n\n\t\t<\/div>\n\t<\/div>\n<div class=\"vc_empty_space  sp-2\"   style=\"height: 32px\"><span class=\"vc_empty_space_inner\"><\/span><\/div><\/div><\/div><\/div><div class=\"wpb_column vc_column_container vc_col-sm-3\"><div class=\"vc_column-inner\"><div class=\"wpb_wrapper\">\n\t<div class=\"wpb_text_column wpb_content_element\" >\n\t\t<div class=\"wpb_wrapper\">\n\t\t\t<p class=\"cifre\"><span class=\"c-top\">Over<\/span><span class=\"c-middle\"><span class=\"c-cifra\">305<\/span><span class=\"c-mii-mp\"><span class=\"c-mii\">k<\/span> <span class=\"c-mp\">sqm<\/span><\/span><\/span> <span class=\"c-bottom\">GBA reziden\u021bial<\/span><\/p>\n\n\t\t<\/div>\n\t<\/div>\n<div class=\"vc_empty_space  sp-2\"   style=\"height: 32px\"><span class=\"vc_empty_space_inner\"><\/span><\/div><\/div><\/div><\/div><div class=\"wpb_column vc_column_container vc_col-sm-3\"><div class=\"vc_column-inner\"><div class=\"wpb_wrapper\">\n\t<div class=\"wpb_text_column wpb_content_element\" >\n\t\t<div class=\"wpb_wrapper\">\n\t\t\t<p class=\"cifre\"><span class=\"c-top\">Over<\/span><span class=\"c-middle\"><span class=\"c-cifra\">93<\/span><span class=\"c-mii-mp\"><span class=\"c-mii\">k<\/span> <span class=\"c-mp\">sqm<\/span><\/span><\/span> <span class=\"c-bottom\">GBA retail<\/span><\/p>\n\n\t\t<\/div>\n\t<\/div>\n<div class=\"vc_empty_space  sp-2\"   style=\"height: 32px\"><span class=\"vc_empty_space_inner\"><\/span><\/div><\/div><\/div><\/div><\/div><\/div><\/div><\/div><\/div>\n<\/div><\/div>\n\n\t\t<\/div>\n\t<\/div>\n<\/div><\/div><\/div><\/div><\/section><section class=\"vc_section s-beneficii-cheie\"><div class=\"vc_row wpb_row vc_row-fluid\"><div class=\"wpb_column vc_column_container vc_col-sm-12\"><div class=\"vc_column-inner\"><div class=\"wpb_wrapper\">\n\t<div class=\"wpb_text_column wpb_content_element\" >\n\t\t<div class=\"wpb_wrapper\">\n\t\t\t<h3>Beneficii cheie<\/h3>\n\n\t\t<\/div>\n\t<\/div>\n<div class=\"vc_row wpb_row vc_inner vc_row-fluid\"><div class=\"wpb_column vc_column_container vc_col-sm-6 vc_col-md-4\"><div class=\"vc_column-inner\"><div class=\"wpb_wrapper\">\n\t<div class=\"wpb_text_column wpb_content_element\" >\n\t\t<div class=\"wpb_wrapper\">\n\t\t\t<h4><i class=\"fas fa-shapes fa-2x\"><\/i> Mix de func\u021biuni<\/h4>\n<p>Mixul de func\u021biuni, \u00eembinate efficient indepline\u0219te scopul principal al dezvolt\u0103rii Master Plan-ului: de a dezvolta un subcentru urban european spectaculos \u0219i un mediu atractiv pentru vizitatori, utilizatori, angaja\u021bi \u0219i reziden\u021bi deopotriv\u0103.<\/p>\n\n\t\t<\/div>\n\t<\/div>\n<\/div><\/div><\/div><div class=\"wpb_column vc_column_container vc_col-sm-6 vc_col-md-4\"><div class=\"vc_column-inner\"><div class=\"wpb_wrapper\">\n\t<div class=\"wpb_text_column wpb_content_element\" >\n\t\t<div class=\"wpb_wrapper\">\n\t\t\t<h4><i class=\"fas fa-shapes fa-2x\"><\/i> Pozi\u021bionare excelent\u0103<\/h4>\n<p>Proiectul se dezvolt\u0103 \u00een zona central-vestic\u0103, la o distan\u021b\u0103 redus\u0103 fa\u021b\u0103 de centru &#8211; cca 4 km, cu trafic relativ lejer prin \u00eembun\u0103t\u0103\u021birile de infrastructur\u0103 (Pasajul Ciurel, Podul Basarab, viitoarea penetra\u021bie B-dul Iuliu Maniu &#8211; Splaiul Independen\u021bei).<\/p>\n\n\t\t<\/div>\n\t<\/div>\n<\/div><\/div><\/div><div class=\"wpb_column vc_column_container vc_col-sm-6 vc_col-md-4\"><div class=\"vc_column-inner\"><div class=\"wpb_wrapper\">\n\t<div class=\"wpb_text_column wpb_content_element\" >\n\t\t<div class=\"wpb_wrapper\">\n\t\t\t<h4><i class=\"fas fa-shapes fa-2x\"><\/i> Shopping Village<\/h4>\n<p>Orientarea c\u0103tre nevoile pie\u021bii se oglinde\u0219te \u00een conceptul de Shopping Village din centrul parcului \u2013 cu o varietate de spa\u021bii\u00a0 de \u201cstreet retail\u201d, restaurant, cinema \u0219i alte servicii.<\/p>\n\n\t\t<\/div>\n\t<\/div>\n<\/div><\/div><\/div><div class=\"wpb_column vc_column_container vc_col-sm-6 vc_col-md-4\"><div class=\"vc_column-inner\"><div class=\"wpb_wrapper\">\n\t<div class=\"wpb_text_column wpb_content_element\" >\n\t\t<div class=\"wpb_wrapper\">\n\t\t\t<h4><i class=\"fas fa-shapes fa-2x\"><\/i> Wellbeing &#8211; healthy life<\/h4>\n<p>Habitatul este favorabil crea\u021biei \u0219i libert\u0103\u021bii de mi\u0219care, confort \u0219i reducerea timpului alocat transportului, aspecte esen\u021biale pentru un echilibru \u00eentre via\u021ba profesional\u0103 \u0219i cea personal\u0103.<\/p>\n\n\t\t<\/div>\n\t<\/div>\n<\/div><\/div><\/div><div class=\"wpb_column vc_column_container vc_col-sm-6 vc_col-md-4\"><div class=\"vc_column-inner\"><div class=\"wpb_wrapper\">\n\t<div class=\"wpb_text_column wpb_content_element\" >\n\t\t<div class=\"wpb_wrapper\">\n\t\t\t<h4><i class=\"fas fa-shapes fa-2x\"><\/i> Green concept<\/h4>\n<p>Proiectul ofer\u0103 un spa\u021biu vibrant \u0219i prietenos cu mediul cu multe spa\u021bii verzi, pasaje pietonale, f\u00e2nt\u00e2ni arteziene &#8211; esplanade \u0219i spatii dedicate pentru petrecerea timpului liber.<\/p>\n\n\t\t<\/div>\n\t<\/div>\n<\/div><\/div><\/div><div class=\"wpb_column vc_column_container vc_col-sm-6 vc_col-md-4\"><div class=\"vc_column-inner\"><div class=\"wpb_wrapper\">\n\t<div class=\"wpb_text_column wpb_content_element\" >\n\t\t<div class=\"wpb_wrapper\">\n\t\t\t<h4><i class=\"fas fa-shapes fa-2x\"><\/i> O comunitate interconectat\u0103<\/h4>\n<p>\u00cen Sema Parc am conceput un mediu favorabil\u00a0companiilor care vizeaz\u0103 dezvoltarea, inova\u021bia\u00a0continu\u0103 \u0219i excelen\u021ba \u00een domeniu. Te vei bucura\u00a0de un hub care \u00ee\u021bi permite s\u0103 fii inventiv, \u00eentr-o\u00a0continu\u0103 evolu\u021bie.<\/p>\n\n\t\t<\/div>\n\t<\/div>\n<\/div><\/div><\/div><\/div><\/div><\/div><\/div><\/div><\/section><section class=\"vc_section s-functiuni\"><div class=\"vc_row wpb_row vc_row-fluid\"><div class=\"wpb_column vc_column_container vc_col-sm-12\"><div class=\"vc_column-inner\"><div class=\"wpb_wrapper\"><div class=\"vc_row wpb_row vc_inner vc_row-fluid\"><div class=\"wpb_column vc_column_container vc_col-sm-12\"><div class=\"vc_column-inner\"><div class=\"wpb_wrapper\">\n\t<div class=\"wpb_text_column wpb_content_element\" >\n\t\t<div class=\"wpb_wrapper\">\n\t\t\t<h2>Func\u021biuni<\/h2>\n\n\t\t<\/div>\n\t<\/div>\n\n\t<div  class=\"wpb_single_image wpb_content_element vc_align_left wpb_content_element\">\n\t\t\n\t\t<figure class=\"wpb_wrapper vc_figure\">\n\t\t\t<div class=\"vc_single_image-wrapper   vc_box_border_grey\"><img loading=\"lazy\" decoding=\"async\" width=\"1920\" height=\"960\" src=\"https:\/\/semaparc.ro\/wp-content\/uploads\/About-Sema-Parc-2-b.jpg\" class=\"vc_single_image-img attachment-full\" alt=\"\" title=\"About Sema Parc (2)-b\" srcset=\"https:\/\/semaparc.ro\/wp-content\/uploads\/About-Sema-Parc-2-b.jpg 1920w, https:\/\/semaparc.ro\/wp-content\/uploads\/About-Sema-Parc-2-b-611x306.jpg 611w, https:\/\/semaparc.ro\/wp-content\/uploads\/About-Sema-Parc-2-b-1270x635.jpg 1270w, https:\/\/semaparc.ro\/wp-content\/uploads\/About-Sema-Parc-2-b-768x384.jpg 768w, https:\/\/semaparc.ro\/wp-content\/uploads\/About-Sema-Parc-2-b-1536x768.jpg 1536w\" sizes=\"auto, (max-width: 1920px) 100vw, 1920px\" \/><\/div>\n\t\t<\/figure>\n\t<\/div>\n<\/div><\/div><\/div><\/div><\/div><\/div><\/div><\/div><\/section><section class=\"vc_section s-localizare\"><div class=\"vc_row wpb_row vc_row-fluid\"><div class=\"wpb_column vc_column_container vc_col-sm-12\"><div class=\"vc_column-inner\"><div class=\"wpb_wrapper\"><div class=\"vc_row wpb_row vc_inner vc_row-fluid\"><div class=\"wpb_column vc_column_container vc_col-sm-3\"><div class=\"vc_column-inner\"><div class=\"wpb_wrapper\">\n\t<div class=\"wpb_text_column wpb_content_element\" >\n\t\t<div class=\"wpb_wrapper\">\n\t\t\t<h2>Location<\/h2>\n\n\t\t<\/div>\n\t<\/div>\n<\/div><\/div><\/div><div class=\"wpb_column vc_column_container vc_col-sm-9\"><div class=\"vc_column-inner\"><div class=\"wpb_wrapper\">\n\t<div class=\"wpb_text_column wpb_content_element\" >\n\t\t<div class=\"wpb_wrapper\">\n\t\t\t<p>Sema Parc este pozitionat la ca\u021biva pasi de sta\u021bia de metrou Petrache Poenaru, aproape de toate mijloacele de transport \u00een comun pe rutele cel mai\u00a0pu\u021bin aglomerate din oras, si acces imediat la autostr\u0103zile A1 | Bucure\u0219ti-Pite\u0219ti, A2 | Bucure\u0219ti- Constan\u021ba.<\/p>\n\n\t\t<\/div>\n\t<\/div>\n<\/div><\/div><\/div><\/div><div class=\"vc_row wpb_row vc_inner vc_row-fluid\"><div class=\"wpb_column vc_column_container vc_col-sm-12\"><div class=\"vc_column-inner\"><div class=\"wpb_wrapper\">\n\t<div  class=\"wpb_single_image wpb_content_element vc_align_left wpb_content_element\">\n\t\t\n\t\t<figure class=\"wpb_wrapper vc_figure\">\n\t\t\t<div class=\"vc_single_image-wrapper   vc_box_border_grey\"><img loading=\"lazy\" decoding=\"async\" width=\"1920\" height=\"960\" src=\"https:\/\/semaparc.ro\/wp-content\/uploads\/About-Sema-Parc-2-b.jpg\" class=\"vc_single_image-img attachment-full\" alt=\"\" title=\"About Sema Parc (2)-b\" srcset=\"https:\/\/semaparc.ro\/wp-content\/uploads\/About-Sema-Parc-2-b.jpg 1920w, https:\/\/semaparc.ro\/wp-content\/uploads\/About-Sema-Parc-2-b-611x306.jpg 611w, https:\/\/semaparc.ro\/wp-content\/uploads\/About-Sema-Parc-2-b-1270x635.jpg 1270w, https:\/\/semaparc.ro\/wp-content\/uploads\/About-Sema-Parc-2-b-768x384.jpg 768w, https:\/\/semaparc.ro\/wp-content\/uploads\/About-Sema-Parc-2-b-1536x768.jpg 1536w\" sizes=\"auto, (max-width: 1920px) 100vw, 1920px\" \/><\/div>\n\t\t<\/figure>\n\t<\/div>\n<\/div><\/div><\/div><\/div><\/div><\/div><\/div><\/div><\/section><section class=\"vc_section s-despre-river\"><div class=\"vc_row wpb_row vc_row-fluid\"><div class=\"wpb_column vc_column_container vc_col-sm-12\"><div class=\"vc_column-inner\"><div class=\"wpb_wrapper\"><div class=\"vc_row wpb_row vc_inner vc_row-fluid\"><div class=\"wpb_column vc_column_container vc_col-sm-12\"><div class=\"vc_column-inner\"><div class=\"wpb_wrapper\">\n\t<div class=\"wpb_text_column wpb_content_element\" >\n\t\t<div class=\"wpb_wrapper\">\n\t\t\t<div data-post-id=\"495\" class=\"insert-page insert-page-495\"><div class=\"wpb-content-wrapper\"><div class=\"vc_row wpb_row vc_row-fluid\"><div class=\"wpb_column vc_column_container vc_col-sm-12\"><div class=\"vc_column-inner\"><div class=\"wpb_wrapper\"><div class=\"vc_row wpb_row vc_inner vc_row-fluid\"><div class=\"wpb_column vc_column_container vc_col-sm-6\"><div class=\"vc_column-inner\"><div class=\"wpb_wrapper\">\n\t<div class=\"wpb_text_column wpb_content_element\" >\n\t\t<div class=\"wpb_wrapper\">\n\t\t\t<h2>About River Development<\/h2>\n<p class=\"intro\">River Development este un dezvoltator imobiliar autohton, sus\u021binut de o echip\u0103 puternic\u0103 de profesioni\u0219ti cu o vast\u0103 experien\u021b\u0103 \u00een planificarea, dezvoltarea \u0219i gestionarea de proiecte imobiliare.<\/p>\n<p>\u00cen prezent, River dezvolt\u0103 proiectele SEMA Parc (Splaiul Independen\u021bei) \u0219i THE LIGHT (Bulevardul Iuliu Maniu) <\/p>\n\n\t\t<\/div>\n\t<\/div>\n<div class=\"vc_btn3-container  btn btn-download vc_btn3-left vc_do_btn\" ><button class=\"vc_general vc_btn3 vc_btn3-size-md vc_btn3-shape-rounded vc_btn3-style-modern vc_btn3-icon-right vc_btn3-color-grey\">Visit website <i class=\"vc_btn3-icon fas fa-angle-right\"><\/i><\/button><\/div><div class=\"vc_empty_space  sp-2\"   style=\"height: 32px\"><span class=\"vc_empty_space_inner\"><\/span><\/div><\/div><\/div><\/div><div class=\"wpb_column vc_column_container vc_col-sm-6\"><div class=\"vc_column-inner\"><div class=\"wpb_wrapper\"><div class=\"wpb_images_carousel wpb_content_element vc_clearfix wpb_content_element\"><div class=\"wpb_wrapper\"><div id=\"vc_images-carousel-1-1777683679\" data-ride=\"vc_carousel\" data-wrap=\"true\" style=\"width: 100%;\" data-interval=\"2000\" data-auto-height=\"yes\" data-mode=\"horizontal\" data-partial=\"false\" data-per-view=\"1\" data-hide-on-end=\"false\" class=\"vc_slide vc_images_carousel\"><ol class=\"vc_carousel-indicators\"><li data-target=\"#vc_images-carousel-1-1777683679\" data-slide-to=\"0\"><\/li><li data-target=\"#vc_images-carousel-1-1777683679\" data-slide-to=\"1\"><\/li><\/ol><div class=\"vc_carousel-inner\"><div class=\"vc_carousel-slideline\"><div class=\"vc_carousel-slideline-inner\"><div class=\"vc_item\"><div class=\"vc_inner\"><a href=\"#\" target=\"_self\"><img loading=\"lazy\" decoding=\"async\" width=\"1224\" height=\"804\" src=\"https:\/\/semaparc.ro\/wp-content\/uploads\/c6@2x.jpg\" class=\"attachment-full\" alt=\"\" title=\"c6@2x\" srcset=\"https:\/\/semaparc.ro\/wp-content\/uploads\/c6@2x.jpg 1224w, https:\/\/semaparc.ro\/wp-content\/uploads\/c6@2x-611x401.jpg 611w, https:\/\/semaparc.ro\/wp-content\/uploads\/c6@2x-768x504.jpg 768w\" sizes=\"auto, (max-width: 1224px) 100vw, 1224px\" \/><\/a><\/div><\/div><div class=\"vc_item\"><div class=\"vc_inner\"><img loading=\"lazy\" decoding=\"async\" width=\"1224\" height=\"804\" src=\"https:\/\/semaparc.ro\/wp-content\/uploads\/About-Sema-Parc-1@2x.jpg\" class=\"attachment-full\" alt=\"\" title=\"About Sema Parc (1)@2x\" srcset=\"https:\/\/semaparc.ro\/wp-content\/uploads\/About-Sema-Parc-1@2x.jpg 1224w, https:\/\/semaparc.ro\/wp-content\/uploads\/About-Sema-Parc-1@2x-611x401.jpg 611w, https:\/\/semaparc.ro\/wp-content\/uploads\/About-Sema-Parc-1@2x-768x504.jpg 768w\" sizes=\"auto, (max-width: 1224px) 100vw, 1224px\" \/><\/div><\/div><\/div><\/div><\/div><a class=\"vc_left vc_carousel-control\" href=\"#vc_images-carousel-1-1777683679\" data-slide=\"prev\"><span class=\"icon-prev\"><\/span><\/a><a class=\"vc_right vc_carousel-control\" href=\"#vc_images-carousel-1-1777683679\" data-slide=\"next\"><span class=\"icon-next\"><\/span><\/a><\/div><\/div><\/div><\/div><\/div><\/div><\/div><\/div><\/div><\/div><\/div>\n<\/div><\/div>\n\n\t\t<\/div>\n\t<\/div>\n<\/div><\/div><\/div><\/div><\/div><\/div><\/div><\/div><\/section>\n<\/div>","protected":false},"excerpt":{"rendered":"Despre River Development River Development este un dezvoltator imobiliar autohton, sus\u021binut de o echip\u0103 puternic\u0103 de profesioni\u0219ti cu o vast\u0103 experien\u021b\u0103 \u00een planificarea, dezvoltarea \u0219i gestionarea de proiecte imobiliare. \u00cen prezent, River dezvolt\u0103 proiectele SEMA Parc (Splaiul Independen\u021bei) \u0219i THE LIGHT (Bulevardul Iuliu Maniu) Viziteaz\u0103 site-ul","protected":false},"author":1,"featured_media":0,"parent":0,"menu_order":0,"comment_status":"closed","ping_status":"closed","template":"fullwidth.php","meta":{"footnotes":""},"class_list":["post-470","page","type-page","status-publish","hentry"],"acf":[],"yoast_head":"<!-- This site is optimized with the Yoast SEO plugin v27.5 - https:\/\/yoast.com\/product\/yoast-seo-wordpress\/ -->\n<title>Despre proiect - Sema Parc<\/title>\n<meta name=\"robots\" content=\"index, follow, max-snippet:-1, max-image-preview:large, max-video-preview:-1\" \/>\n<link rel=\"canonical\" href=\"https:\/\/semaparc.ro\/en\/despre-proiect\/\" \/>\n<meta property=\"og:locale\" content=\"en_US\" \/>\n<meta property=\"og:type\" content=\"article\" \/>\n<meta property=\"og:title\" content=\"Despre proiect - Sema Parc\" \/>\n<meta property=\"og:url\" content=\"https:\/\/semaparc.ro\/en\/despre-proiect\/\" \/>\n<meta property=\"og:site_name\" content=\"Sema Parc\" \/>\n<meta property=\"article:modified_time\" content=\"2020-07-31T14:01:45+00:00\" \/>\n<meta name=\"twitter:card\" content=\"summary_large_image\" \/>\n<meta name=\"twitter:label1\" content=\"Est. reading time\" \/>\n\t<meta name=\"twitter:data1\" content=\"5 minutes\" \/>\n<script type=\"application\/ld+json\" class=\"yoast-schema-graph\">{\"@context\":\"https:\\\/\\\/schema.org\",\"@graph\":[{\"@type\":\"WebPage\",\"@id\":\"https:\\\/\\\/semaparc.ro\\\/despre-proiect\\\/\",\"url\":\"https:\\\/\\\/semaparc.ro\\\/despre-proiect\\\/\",\"name\":\"Despre proiect - Sema Parc\",\"isPartOf\":{\"@id\":\"https:\\\/\\\/semaparc.ro\\\/#website\"},\"datePublished\":\"2020-07-30T19:44:42+00:00\",\"dateModified\":\"2020-07-31T14:01:45+00:00\",\"breadcrumb\":{\"@id\":\"https:\\\/\\\/semaparc.ro\\\/despre-proiect\\\/#breadcrumb\"},\"inLanguage\":\"en-US\",\"potentialAction\":[{\"@type\":\"ReadAction\",\"target\":[\"https:\\\/\\\/semaparc.ro\\\/despre-proiect\\\/\"]}]},{\"@type\":\"BreadcrumbList\",\"@id\":\"https:\\\/\\\/semaparc.ro\\\/despre-proiect\\\/#breadcrumb\",\"itemListElement\":[{\"@type\":\"ListItem\",\"position\":1,\"name\":\"Prima pagin\u0103\",\"item\":\"https:\\\/\\\/semaparc.ro\\\/\"},{\"@type\":\"ListItem\",\"position\":2,\"name\":\"Despre proiect\"}]},{\"@type\":\"WebSite\",\"@id\":\"https:\\\/\\\/semaparc.ro\\\/#website\",\"url\":\"https:\\\/\\\/semaparc.ro\\\/\",\"name\":\"Sema Parc\",\"description\":\"\u00cen inima comunit\u0103\u021bii\",\"potentialAction\":[{\"@type\":\"SearchAction\",\"target\":{\"@type\":\"EntryPoint\",\"urlTemplate\":\"https:\\\/\\\/semaparc.ro\\\/?s={search_term_string}\"},\"query-input\":{\"@type\":\"PropertyValueSpecification\",\"valueRequired\":true,\"valueName\":\"search_term_string\"}}],\"inLanguage\":\"en-US\"}]}<\/script>\n<!-- \/ Yoast SEO plugin. -->","yoast_head_json":{"title":"Despre proiect - Sema Parc","robots":{"index":"index","follow":"follow","max-snippet":"max-snippet:-1","max-image-preview":"max-image-preview:large","max-video-preview":"max-video-preview:-1"},"canonical":"https:\/\/semaparc.ro\/en\/despre-proiect\/","og_locale":"en_US","og_type":"article","og_title":"Despre proiect - Sema Parc","og_url":"https:\/\/semaparc.ro\/en\/despre-proiect\/","og_site_name":"Sema Parc","article_modified_time":"2020-07-31T14:01:45+00:00","twitter_card":"summary_large_image","twitter_misc":{"Est. reading time":"5 minutes"},"schema":{"@context":"https:\/\/schema.org","@graph":[{"@type":"WebPage","@id":"https:\/\/semaparc.ro\/despre-proiect\/","url":"https:\/\/semaparc.ro\/despre-proiect\/","name":"Despre proiect - Sema Parc","isPartOf":{"@id":"https:\/\/semaparc.ro\/#website"},"datePublished":"2020-07-30T19:44:42+00:00","dateModified":"2020-07-31T14:01:45+00:00","breadcrumb":{"@id":"https:\/\/semaparc.ro\/despre-proiect\/#breadcrumb"},"inLanguage":"en-US","potentialAction":[{"@type":"ReadAction","target":["https:\/\/semaparc.ro\/despre-proiect\/"]}]},{"@type":"BreadcrumbList","@id":"https:\/\/semaparc.ro\/despre-proiect\/#breadcrumb","itemListElement":[{"@type":"ListItem","position":1,"name":"Prima pagin\u0103","item":"https:\/\/semaparc.ro\/"},{"@type":"ListItem","position":2,"name":"Despre proiect"}]},{"@type":"WebSite","@id":"https:\/\/semaparc.ro\/#website","url":"https:\/\/semaparc.ro\/","name":"Sema Parc","description":"In the heart of the community","potentialAction":[{"@type":"SearchAction","target":{"@type":"EntryPoint","urlTemplate":"https:\/\/semaparc.ro\/?s={search_term_string}"},"query-input":{"@type":"PropertyValueSpecification","valueRequired":true,"valueName":"search_term_string"}}],"inLanguage":"en-US"}]}},"_links":{"self":[{"href":"https:\/\/semaparc.ro\/en\/wp-json\/wp\/v2\/pages\/470","targetHints":{"allow":["GET"]}}],"collection":[{"href":"https:\/\/semaparc.ro\/en\/wp-json\/wp\/v2\/pages"}],"about":[{"href":"https:\/\/semaparc.ro\/en\/wp-json\/wp\/v2\/types\/page"}],"author":[{"embeddable":true,"href":"https:\/\/semaparc.ro\/en\/wp-json\/wp\/v2\/users\/1"}],"replies":[{"embeddable":true,"href":"https:\/\/semaparc.ro\/en\/wp-json\/wp\/v2\/comments?post=470"}],"version-history":[{"count":16,"href":"https:\/\/semaparc.ro\/en\/wp-json\/wp\/v2\/pages\/470\/revisions"}],"predecessor-version":[{"id":497,"href":"https:\/\/semaparc.ro\/en\/wp-json\/wp\/v2\/pages\/470\/revisions\/497"}],"wp:attachment":[{"href":"https:\/\/semaparc.ro\/en\/wp-json\/wp\/v2\/media?parent=470"}],"curies":[{"name":"wp","href":"https:\/\/api.w.org\/{rel}","templated":true}]}}