
{"id":400,"date":"2020-07-30T14:04:13","date_gmt":"2020-07-30T14:04:13","guid":{"rendered":"https:\/\/semaparc.ro\/?page_id=400"},"modified":"2021-01-14T11:20:44","modified_gmt":"2021-01-14T11:20:44","slug":"_despre-sema-mare","status":"publish","type":"page","link":"https:\/\/semaparc.ro\/en\/_despre-sema-mare\/","title":{"rendered":"_despre-sema-mare"},"content":{"rendered":"<div class=\"wpb-content-wrapper\"><div class=\"vc_row wpb_row vc_row-fluid\"><div class=\"wpb_column vc_column_container vc_col-sm-12\"><div class=\"vc_column-inner\"><div class=\"wpb_wrapper\"><div class=\"vc_row wpb_row vc_inner vc_row-fluid\"><div class=\"wpb_column vc_column_container vc_col-sm-6\"><div class=\"vc_column-inner\"><div class=\"wpb_wrapper\">\n\t<div class=\"wpb_text_column wpb_content_element\" >\n\t\t<div class=\"wpb_wrapper\">\n\t\t\t<h2>Sema Parc | The Concept<\/h2>\n<p class=\"desc1-sema\">SEMA PARC - The largest urban regeneration project in Bucharest, is a mixed-use real estate development, covering all the functions and facilities of a current urban development.<\/p>\n<p>The precinct is well connected to the major road network as well as to public transport. \nIt is bordered by the Dambovita River to the north, a major university development is in the southern neighborhood.<\/p>\n\n\t\t<\/div>\n\t<\/div>\n<div class=\"vc_btn3-container  btn btn-download vc_btn3-left vc_do_btn\" ><a class=\"vc_general vc_btn3 vc_btn3-size-md vc_btn3-shape-rounded vc_btn3-style-modern vc_btn3-icon-right vc_btn3-color-grey\" href=\"https:\/\/semaparc.ro\/en\/concept\/\" title=\"\">Read more <i class=\"vc_btn3-icon fas fa-angle-right\"><\/i><\/a><\/div><div class=\"vc_empty_space  sp-2\"   style=\"height: 32px\"><span class=\"vc_empty_space_inner\"><\/span><\/div><\/div><\/div><\/div><div class=\"wpb_column vc_column_container vc_col-sm-6\"><div class=\"vc_column-inner\"><div class=\"wpb_wrapper\"><div class=\"wpb_images_carousel wpb_content_element vc_clearfix wpb_content_element\"><div class=\"wpb_wrapper\"><div id=\"vc_images-carousel-1-1776633792\" data-ride=\"vc_carousel\" data-wrap=\"true\" style=\"width: 100%;\" data-interval=\"10000\" data-auto-height=\"yes\" data-mode=\"horizontal\" data-partial=\"false\" data-per-view=\"1\" data-hide-on-end=\"false\" class=\"vc_slide vc_images_carousel\"><ol class=\"vc_carousel-indicators\"><li data-target=\"#vc_images-carousel-1-1776633792\" data-slide-to=\"0\"><\/li><li data-target=\"#vc_images-carousel-1-1776633792\" data-slide-to=\"1\"><\/li><\/ol><div class=\"vc_carousel-inner\"><div class=\"vc_carousel-slideline\"><div class=\"vc_carousel-slideline-inner\"><div class=\"vc_item\"><div class=\"vc_inner\"><a href=\"#\" target=\"_self\"><img loading=\"lazy\" decoding=\"async\" width=\"1224\" height=\"804\" src=\"https:\/\/semaparc.ro\/wp-content\/uploads\/About-Sema-Parc-1@2x.jpg\" class=\"attachment-full\" alt=\"\" title=\"About Sema Parc (1)@2x\" srcset=\"https:\/\/semaparc.ro\/wp-content\/uploads\/About-Sema-Parc-1@2x.jpg 1224w, https:\/\/semaparc.ro\/wp-content\/uploads\/About-Sema-Parc-1@2x-611x401.jpg 611w, https:\/\/semaparc.ro\/wp-content\/uploads\/About-Sema-Parc-1@2x-768x504.jpg 768w\" sizes=\"auto, (max-width: 1224px) 100vw, 1224px\" \/><\/a><\/div><\/div><div class=\"vc_item\"><div class=\"vc_inner\"><img loading=\"lazy\" decoding=\"async\" width=\"1225\" height=\"805\" src=\"https:\/\/semaparc.ro\/wp-content\/uploads\/despre-sema.jpg\" class=\"attachment-full\" alt=\"\" title=\"despre-sema\" srcset=\"https:\/\/semaparc.ro\/wp-content\/uploads\/despre-sema.jpg 1225w, https:\/\/semaparc.ro\/wp-content\/uploads\/despre-sema-611x402.jpg 611w, https:\/\/semaparc.ro\/wp-content\/uploads\/despre-sema-768x505.jpg 768w, https:\/\/semaparc.ro\/wp-content\/uploads\/despre-sema-16x12.jpg 16w\" sizes=\"auto, (max-width: 1225px) 100vw, 1225px\" \/><\/div><\/div><\/div><\/div><\/div><a class=\"vc_left vc_carousel-control\" href=\"#vc_images-carousel-1-1776633792\" data-slide=\"prev\"><span class=\"icon-prev\"><\/span><\/a><a class=\"vc_right vc_carousel-control\" href=\"#vc_images-carousel-1-1776633792\" data-slide=\"next\"><span class=\"icon-next\"><\/span><\/a><\/div><\/div><\/div><div class=\"vc_empty_space  sp-2\"   style=\"height: 32px\"><span class=\"vc_empty_space_inner\"><\/span><\/div><\/div><\/div><\/div><\/div><div class=\"vc_row wpb_row vc_inner vc_row-fluid row-cifre\"><div class=\"wpb_column vc_column_container vc_col-sm-3\"><div class=\"vc_column-inner\"><div class=\"wpb_wrapper\">\n\t<div class=\"wpb_text_column wpb_content_element\" >\n\t\t<div class=\"wpb_wrapper\">\n\t\t\t<p class=\"cifre\"><span class=\"c-top\">Over<\/span><span class=\"c-middle\"><span class=\"c-cifra\">965<\/span><span class=\"c-mii-mp\"><span class=\"c-mii\">k<\/span> <span class=\"c-mp\">sqm<\/span><\/span><\/span> <span class=\"c-bottom\">GBA<\/span><\/p>\n\n\t\t<\/div>\n\t<\/div>\n<div class=\"vc_empty_space  sp-2\"   style=\"height: 32px\"><span class=\"vc_empty_space_inner\"><\/span><\/div><\/div><\/div><\/div><div class=\"wpb_column vc_column_container vc_col-sm-3\"><div class=\"vc_column-inner\"><div class=\"wpb_wrapper\">\n\t<div class=\"wpb_text_column wpb_content_element\" >\n\t\t<div class=\"wpb_wrapper\">\n\t\t\t<p class=\"cifre translation-block\"><span class=\"c-top\">More than<\/span><span class=\"c-middle\"><span class=\"c-cifra\">527<\/span><span class=\"c-mii-mp\"><span class=\"c-mii\">k<\/span> <span class=\"c-mp\">sqm<\/span><\/span><\/span> <span class=\"c-bottom\">GBA Office<\/span><\/p>\n\n\t\t<\/div>\n\t<\/div>\n<div class=\"vc_empty_space  sp-2\"   style=\"height: 32px\"><span class=\"vc_empty_space_inner\"><\/span><\/div><\/div><\/div><\/div><div class=\"wpb_column vc_column_container vc_col-sm-3\"><div class=\"vc_column-inner\"><div class=\"wpb_wrapper\">\n\t<div class=\"wpb_text_column wpb_content_element\" >\n\t\t<div class=\"wpb_wrapper\">\n\t\t\t<p class=\"cifre translation-block\"><span class=\"c-top\">Over<\/span><span class=\"c-middle\"><span class=\"c-cifra\">305<\/span><span class=\"c-mii-mp\"><span class=\"c-mii\">k<\/span> <span class=\"c-mp\">sqm<\/span><\/span><\/span> <span class=\"c-bottom\">GBA Residential<\/span><\/p>\n\n\t\t<\/div>\n\t<\/div>\n<div class=\"vc_empty_space  sp-2\"   style=\"height: 32px\"><span class=\"vc_empty_space_inner\"><\/span><\/div><\/div><\/div><\/div><div class=\"wpb_column vc_column_container vc_col-sm-3\"><div class=\"vc_column-inner\"><div class=\"wpb_wrapper\">\n\t<div class=\"wpb_text_column wpb_content_element\" >\n\t\t<div class=\"wpb_wrapper\">\n\t\t\t<p class=\"cifre translation-block\"><span class=\"c-top\">More than<\/span><span class=\"c-middle\"><span class=\"c-cifra\">93<\/span><span class=\"c-mii-mp\"><span class=\"c-mii\">k<\/span> <span class=\"c-mp\">sqm<\/span><\/span><\/span> <span class=\"c-bottom\">GBA Retail<\/span><\/p>\n\n\t\t<\/div>\n\t<\/div>\n<div class=\"vc_empty_space  sp-2\"   style=\"height: 32px\"><span class=\"vc_empty_space_inner\"><\/span><\/div><\/div><\/div><\/div><\/div><\/div><\/div><\/div><\/div>\n<\/div>","protected":false},"excerpt":{"rendered":"Despre Sema Parc SEMA PARC \u2013 Cel mai mare proiect de regenerare urban\u0103 din Bucure\u0219ti, este un proiect imobiliar mixt, care acoper\u0103 toate func\u021biunile \u0219i facilit\u0103\u021bile unei dezvolt\u0103ri urbane actuale. Amplasamentul este bine conectat la re\u021beaua rutier\u0103 major\u0103, precum \u0219i la transportul public. Este m\u0103rginit de r\u00e2ul D\u00e2mbovi\u021ba la nord, iar o universitate important\u0103 \u0219i [...]","protected":false},"author":1,"featured_media":0,"parent":0,"menu_order":0,"comment_status":"closed","ping_status":"closed","template":"","meta":{"footnotes":""},"class_list":["post-400","page","type-page","status-publish","hentry"],"acf":[],"yoast_head":"<!-- This site is optimized with the Yoast SEO plugin v27.3 - https:\/\/yoast.com\/product\/yoast-seo-wordpress\/ -->\n<title>_despre-sema-mare - Sema Parc<\/title>\n<meta name=\"robots\" content=\"index, follow, max-snippet:-1, max-image-preview:large, max-video-preview:-1\" \/>\n<link rel=\"canonical\" href=\"https:\/\/semaparc.ro\/en\/_despre-sema-mare\/\" \/>\n<meta property=\"og:locale\" content=\"en_US\" \/>\n<meta property=\"og:type\" content=\"article\" \/>\n<meta property=\"og:title\" content=\"_despre-sema-mare - Sema Parc\" \/>\n<meta property=\"og:url\" content=\"https:\/\/semaparc.ro\/en\/_despre-sema-mare\/\" \/>\n<meta property=\"og:site_name\" content=\"Sema Parc\" \/>\n<meta property=\"article:modified_time\" content=\"2021-01-14T11:20:44+00:00\" \/>\n<meta name=\"twitter:card\" content=\"summary_large_image\" \/>\n<meta name=\"twitter:label1\" content=\"Est. reading time\" \/>\n\t<meta name=\"twitter:data1\" content=\"2 minutes\" \/>\n<script type=\"application\/ld+json\" class=\"yoast-schema-graph\">{\"@context\":\"https:\\\/\\\/schema.org\",\"@graph\":[{\"@type\":\"WebPage\",\"@id\":\"https:\\\/\\\/semaparc.ro\\\/_despre-sema-mare\\\/\",\"url\":\"https:\\\/\\\/semaparc.ro\\\/_despre-sema-mare\\\/\",\"name\":\"_despre-sema-mare - Sema Parc\",\"isPartOf\":{\"@id\":\"https:\\\/\\\/semaparc.ro\\\/#website\"},\"datePublished\":\"2020-07-30T14:04:13+00:00\",\"dateModified\":\"2021-01-14T11:20:44+00:00\",\"breadcrumb\":{\"@id\":\"https:\\\/\\\/semaparc.ro\\\/_despre-sema-mare\\\/#breadcrumb\"},\"inLanguage\":\"en-US\",\"potentialAction\":[{\"@type\":\"ReadAction\",\"target\":[\"https:\\\/\\\/semaparc.ro\\\/_despre-sema-mare\\\/\"]}]},{\"@type\":\"BreadcrumbList\",\"@id\":\"https:\\\/\\\/semaparc.ro\\\/_despre-sema-mare\\\/#breadcrumb\",\"itemListElement\":[{\"@type\":\"ListItem\",\"position\":1,\"name\":\"Prima pagin\u0103\",\"item\":\"https:\\\/\\\/semaparc.ro\\\/\"},{\"@type\":\"ListItem\",\"position\":2,\"name\":\"_despre-sema-mare\"}]},{\"@type\":\"WebSite\",\"@id\":\"https:\\\/\\\/semaparc.ro\\\/#website\",\"url\":\"https:\\\/\\\/semaparc.ro\\\/\",\"name\":\"Sema Parc\",\"description\":\"\u00cen inima comunit\u0103\u021bii\",\"potentialAction\":[{\"@type\":\"SearchAction\",\"target\":{\"@type\":\"EntryPoint\",\"urlTemplate\":\"https:\\\/\\\/semaparc.ro\\\/?s={search_term_string}\"},\"query-input\":{\"@type\":\"PropertyValueSpecification\",\"valueRequired\":true,\"valueName\":\"search_term_string\"}}],\"inLanguage\":\"en-US\"}]}<\/script>\n<!-- \/ Yoast SEO plugin. -->","yoast_head_json":{"title":"_despre-sema-mare - Sema Parc","robots":{"index":"index","follow":"follow","max-snippet":"max-snippet:-1","max-image-preview":"max-image-preview:large","max-video-preview":"max-video-preview:-1"},"canonical":"https:\/\/semaparc.ro\/en\/_despre-sema-mare\/","og_locale":"en_US","og_type":"article","og_title":"_despre-sema-mare - Sema Parc","og_url":"https:\/\/semaparc.ro\/en\/_despre-sema-mare\/","og_site_name":"Sema Parc","article_modified_time":"2021-01-14T11:20:44+00:00","twitter_card":"summary_large_image","twitter_misc":{"Est. reading time":"2 minutes"},"schema":{"@context":"https:\/\/schema.org","@graph":[{"@type":"WebPage","@id":"https:\/\/semaparc.ro\/_despre-sema-mare\/","url":"https:\/\/semaparc.ro\/_despre-sema-mare\/","name":"_despre-sema-mare - Sema Parc","isPartOf":{"@id":"https:\/\/semaparc.ro\/#website"},"datePublished":"2020-07-30T14:04:13+00:00","dateModified":"2021-01-14T11:20:44+00:00","breadcrumb":{"@id":"https:\/\/semaparc.ro\/_despre-sema-mare\/#breadcrumb"},"inLanguage":"en-US","potentialAction":[{"@type":"ReadAction","target":["https:\/\/semaparc.ro\/_despre-sema-mare\/"]}]},{"@type":"BreadcrumbList","@id":"https:\/\/semaparc.ro\/_despre-sema-mare\/#breadcrumb","itemListElement":[{"@type":"ListItem","position":1,"name":"Prima pagin\u0103","item":"https:\/\/semaparc.ro\/"},{"@type":"ListItem","position":2,"name":"_despre-sema-mare"}]},{"@type":"WebSite","@id":"https:\/\/semaparc.ro\/#website","url":"https:\/\/semaparc.ro\/","name":"Sema Parc","description":"In the heart of the community","potentialAction":[{"@type":"SearchAction","target":{"@type":"EntryPoint","urlTemplate":"https:\/\/semaparc.ro\/?s={search_term_string}"},"query-input":{"@type":"PropertyValueSpecification","valueRequired":true,"valueName":"search_term_string"}}],"inLanguage":"en-US"}]}},"_links":{"self":[{"href":"https:\/\/semaparc.ro\/en\/wp-json\/wp\/v2\/pages\/400","targetHints":{"allow":["GET"]}}],"collection":[{"href":"https:\/\/semaparc.ro\/en\/wp-json\/wp\/v2\/pages"}],"about":[{"href":"https:\/\/semaparc.ro\/en\/wp-json\/wp\/v2\/types\/page"}],"author":[{"embeddable":true,"href":"https:\/\/semaparc.ro\/en\/wp-json\/wp\/v2\/users\/1"}],"replies":[{"embeddable":true,"href":"https:\/\/semaparc.ro\/en\/wp-json\/wp\/v2\/comments?post=400"}],"version-history":[{"count":27,"href":"https:\/\/semaparc.ro\/en\/wp-json\/wp\/v2\/pages\/400\/revisions"}],"predecessor-version":[{"id":1505,"href":"https:\/\/semaparc.ro\/en\/wp-json\/wp\/v2\/pages\/400\/revisions\/1505"}],"wp:attachment":[{"href":"https:\/\/semaparc.ro\/en\/wp-json\/wp\/v2\/media?parent=400"}],"curies":[{"name":"wp","href":"https:\/\/api.w.org\/{rel}","templated":true}]}}