
{"id":281,"date":"2020-07-10T19:34:45","date_gmt":"2020-07-10T19:34:45","guid":{"rendered":"https:\/\/semaparc.ro\/?page_id=281"},"modified":"2024-09-03T13:58:57","modified_gmt":"2024-09-03T13:58:57","slug":"_despre-sema","status":"publish","type":"page","link":"https:\/\/semaparc.ro\/en\/_despre-sema\/","title":{"rendered":"_despre-sema"},"content":{"rendered":"<div class=\"wpb-content-wrapper\"><div class=\"vc_row wpb_row vc_row-fluid\"><div class=\"wpb_column vc_column_container vc_col-sm-12\"><div class=\"vc_column-inner\"><div class=\"wpb_wrapper\"><div class=\"vc_row wpb_row vc_inner vc_row-fluid\"><div class=\"wpb_column vc_column_container vc_col-sm-6\"><div class=\"vc_column-inner\"><div class=\"wpb_wrapper\">\n\t<div class=\"wpb_text_column wpb_content_element\" >\n\t\t<div class=\"wpb_wrapper\">\n\t\t\t<h2>Sema Parc | The Concept<\/h2>\n<p class=\"translation-block\">The main feature of the Master Plan is a central axis, traversing the site from west to east. \nIt is defined by a series of major open spaces, plazas, squares, green areas, each with spatial characteristics of their own.<\/p>\n<p>Two focal points mark the end of this axis: toward the west, a landmark tower with a height of 30 stores forms part of the curved elevation, signaling the Sema Parc entry to the outside.<\/p>\n\n\t\t<\/div>\n\t<\/div>\n<div class=\"vc_btn3-container  btn btn-download vc_btn3-left vc_do_btn\" ><a class=\"vc_general vc_btn3 vc_btn3-size-md vc_btn3-shape-rounded vc_btn3-style-modern vc_btn3-icon-right vc_btn3-color-grey\" href=\"https:\/\/semaparc.ro\/en\/concept\/\" title=\"Concept\">Read more <i class=\"vc_btn3-icon fas fa-angle-right\"><\/i><\/a><\/div><div class=\"vc_empty_space  sp-2\"   style=\"height: 32px\"><span class=\"vc_empty_space_inner\"><\/span><\/div><\/div><\/div><\/div><div class=\"wpb_column vc_column_container vc_col-sm-6\"><div class=\"vc_column-inner\"><div class=\"wpb_wrapper\"><div class=\"wpb_images_carousel wpb_content_element vc_clearfix wpb_content_element\"><div class=\"wpb_wrapper\"><div id=\"vc_images-carousel-1-1777507158\" data-ride=\"vc_carousel\" data-wrap=\"true\" style=\"width: 100%;\" data-interval=\"2000\" data-auto-height=\"yes\" data-mode=\"horizontal\" data-partial=\"false\" data-per-view=\"1\" data-hide-on-end=\"false\" class=\"vc_slide vc_images_carousel\"><ol class=\"vc_carousel-indicators\"><li data-target=\"#vc_images-carousel-1-1777507158\" data-slide-to=\"0\"><\/li><\/ol><div class=\"vc_carousel-inner\"><div class=\"vc_carousel-slideline\"><div class=\"vc_carousel-slideline-inner\"><div class=\"vc_item\"><div class=\"vc_inner\"><a href=\"#\" target=\"_self\"><img loading=\"lazy\" decoding=\"async\" width=\"1224\" height=\"804\" src=\"https:\/\/semaparc.ro\/wp-content\/uploads\/About-Sema-Parc-1@2x.jpg\" class=\"attachment-full\" alt=\"\" title=\"About Sema Parc (1)@2x\" srcset=\"https:\/\/semaparc.ro\/wp-content\/uploads\/About-Sema-Parc-1@2x.jpg 1224w, https:\/\/semaparc.ro\/wp-content\/uploads\/About-Sema-Parc-1@2x-611x401.jpg 611w, https:\/\/semaparc.ro\/wp-content\/uploads\/About-Sema-Parc-1@2x-768x504.jpg 768w\" sizes=\"auto, (max-width: 1224px) 100vw, 1224px\" \/><\/a><\/div><\/div><\/div><\/div><\/div><a class=\"vc_left vc_carousel-control\" href=\"#vc_images-carousel-1-1777507158\" data-slide=\"prev\"><span class=\"icon-prev\"><\/span><\/a><a class=\"vc_right vc_carousel-control\" href=\"#vc_images-carousel-1-1777507158\" data-slide=\"next\"><span class=\"icon-next\"><\/span><\/a><\/div><\/div><\/div><\/div><\/div><\/div><\/div><\/div><\/div><\/div><\/div>\n<\/div>","protected":false},"excerpt":{"rendered":"Sema Parc | Conceptul Principala caracteristic\u0103 a Master Planului este axa lui central\u0103, care traverseaz\u0103 \u00eentreg proiectul, de la vest la est. Este definit de o serie de spa\u021bii deschise majore, pie\u021be, scuaruri, zone verzi, fiecare cu caracteristici spa\u021biale proprii. Dou\u0103 puncte focale marcheaz\u0103 cap\u0103tul acestei axe. Spre vest, un turn - reper cu o [...]","protected":false},"author":1,"featured_media":0,"parent":0,"menu_order":0,"comment_status":"closed","ping_status":"closed","template":"","meta":{"footnotes":""},"class_list":["post-281","page","type-page","status-publish","hentry"],"acf":[],"yoast_head":"<!-- This site is optimized with the Yoast SEO plugin v27.5 - https:\/\/yoast.com\/product\/yoast-seo-wordpress\/ -->\n<title>_despre-sema - Sema Parc<\/title>\n<meta name=\"robots\" content=\"index, follow, max-snippet:-1, max-image-preview:large, max-video-preview:-1\" \/>\n<link rel=\"canonical\" href=\"https:\/\/semaparc.ro\/en\/_despre-sema\/\" \/>\n<meta property=\"og:locale\" content=\"en_US\" \/>\n<meta property=\"og:type\" content=\"article\" \/>\n<meta property=\"og:title\" content=\"_despre-sema - Sema Parc\" \/>\n<meta property=\"og:url\" content=\"https:\/\/semaparc.ro\/en\/_despre-sema\/\" \/>\n<meta property=\"og:site_name\" content=\"Sema Parc\" \/>\n<meta property=\"article:modified_time\" content=\"2024-09-03T13:58:57+00:00\" \/>\n<meta name=\"twitter:card\" content=\"summary_large_image\" \/>\n<meta name=\"twitter:label1\" content=\"Est. reading time\" \/>\n\t<meta name=\"twitter:data1\" content=\"1 minute\" \/>\n<script type=\"application\/ld+json\" class=\"yoast-schema-graph\">{\"@context\":\"https:\\\/\\\/schema.org\",\"@graph\":[{\"@type\":\"WebPage\",\"@id\":\"https:\\\/\\\/semaparc.ro\\\/_despre-sema\\\/\",\"url\":\"https:\\\/\\\/semaparc.ro\\\/_despre-sema\\\/\",\"name\":\"_despre-sema - Sema Parc\",\"isPartOf\":{\"@id\":\"https:\\\/\\\/semaparc.ro\\\/#website\"},\"datePublished\":\"2020-07-10T19:34:45+00:00\",\"dateModified\":\"2024-09-03T13:58:57+00:00\",\"breadcrumb\":{\"@id\":\"https:\\\/\\\/semaparc.ro\\\/_despre-sema\\\/#breadcrumb\"},\"inLanguage\":\"en-US\",\"potentialAction\":[{\"@type\":\"ReadAction\",\"target\":[\"https:\\\/\\\/semaparc.ro\\\/_despre-sema\\\/\"]}]},{\"@type\":\"BreadcrumbList\",\"@id\":\"https:\\\/\\\/semaparc.ro\\\/_despre-sema\\\/#breadcrumb\",\"itemListElement\":[{\"@type\":\"ListItem\",\"position\":1,\"name\":\"Prima pagin\u0103\",\"item\":\"https:\\\/\\\/semaparc.ro\\\/\"},{\"@type\":\"ListItem\",\"position\":2,\"name\":\"_despre-sema\"}]},{\"@type\":\"WebSite\",\"@id\":\"https:\\\/\\\/semaparc.ro\\\/#website\",\"url\":\"https:\\\/\\\/semaparc.ro\\\/\",\"name\":\"Sema Parc\",\"description\":\"\u00cen inima comunit\u0103\u021bii\",\"potentialAction\":[{\"@type\":\"SearchAction\",\"target\":{\"@type\":\"EntryPoint\",\"urlTemplate\":\"https:\\\/\\\/semaparc.ro\\\/?s={search_term_string}\"},\"query-input\":{\"@type\":\"PropertyValueSpecification\",\"valueRequired\":true,\"valueName\":\"search_term_string\"}}],\"inLanguage\":\"en-US\"}]}<\/script>\n<!-- \/ Yoast SEO plugin. -->","yoast_head_json":{"title":"_despre-sema - Sema Parc","robots":{"index":"index","follow":"follow","max-snippet":"max-snippet:-1","max-image-preview":"max-image-preview:large","max-video-preview":"max-video-preview:-1"},"canonical":"https:\/\/semaparc.ro\/en\/_despre-sema\/","og_locale":"en_US","og_type":"article","og_title":"_despre-sema - Sema Parc","og_url":"https:\/\/semaparc.ro\/en\/_despre-sema\/","og_site_name":"Sema Parc","article_modified_time":"2024-09-03T13:58:57+00:00","twitter_card":"summary_large_image","twitter_misc":{"Est. reading time":"1 minute"},"schema":{"@context":"https:\/\/schema.org","@graph":[{"@type":"WebPage","@id":"https:\/\/semaparc.ro\/_despre-sema\/","url":"https:\/\/semaparc.ro\/_despre-sema\/","name":"_despre-sema - Sema Parc","isPartOf":{"@id":"https:\/\/semaparc.ro\/#website"},"datePublished":"2020-07-10T19:34:45+00:00","dateModified":"2024-09-03T13:58:57+00:00","breadcrumb":{"@id":"https:\/\/semaparc.ro\/_despre-sema\/#breadcrumb"},"inLanguage":"en-US","potentialAction":[{"@type":"ReadAction","target":["https:\/\/semaparc.ro\/_despre-sema\/"]}]},{"@type":"BreadcrumbList","@id":"https:\/\/semaparc.ro\/_despre-sema\/#breadcrumb","itemListElement":[{"@type":"ListItem","position":1,"name":"Prima pagin\u0103","item":"https:\/\/semaparc.ro\/"},{"@type":"ListItem","position":2,"name":"_despre-sema"}]},{"@type":"WebSite","@id":"https:\/\/semaparc.ro\/#website","url":"https:\/\/semaparc.ro\/","name":"Sema Parc","description":"In the heart of the community","potentialAction":[{"@type":"SearchAction","target":{"@type":"EntryPoint","urlTemplate":"https:\/\/semaparc.ro\/?s={search_term_string}"},"query-input":{"@type":"PropertyValueSpecification","valueRequired":true,"valueName":"search_term_string"}}],"inLanguage":"en-US"}]}},"_links":{"self":[{"href":"https:\/\/semaparc.ro\/en\/wp-json\/wp\/v2\/pages\/281","targetHints":{"allow":["GET"]}}],"collection":[{"href":"https:\/\/semaparc.ro\/en\/wp-json\/wp\/v2\/pages"}],"about":[{"href":"https:\/\/semaparc.ro\/en\/wp-json\/wp\/v2\/types\/page"}],"author":[{"embeddable":true,"href":"https:\/\/semaparc.ro\/en\/wp-json\/wp\/v2\/users\/1"}],"replies":[{"embeddable":true,"href":"https:\/\/semaparc.ro\/en\/wp-json\/wp\/v2\/comments?post=281"}],"version-history":[{"count":7,"href":"https:\/\/semaparc.ro\/en\/wp-json\/wp\/v2\/pages\/281\/revisions"}],"predecessor-version":[{"id":3801,"href":"https:\/\/semaparc.ro\/en\/wp-json\/wp\/v2\/pages\/281\/revisions\/3801"}],"wp:attachment":[{"href":"https:\/\/semaparc.ro\/en\/wp-json\/wp\/v2\/media?parent=281"}],"curies":[{"name":"wp","href":"https:\/\/api.w.org\/{rel}","templated":true}]}}