
{"id":279,"date":"2020-07-10T19:19:53","date_gmt":"2020-07-10T19:19:53","guid":{"rendered":"https:\/\/semaparc.ro\/?page_id=279"},"modified":"2020-12-11T10:16:27","modified_gmt":"2020-12-11T10:16:27","slug":"_specificatii-clasa-a","status":"publish","type":"page","link":"https:\/\/semaparc.ro\/en\/_specificatii-clasa-a\/","title":{"rendered":"_specificatii-clasa-a"},"content":{"rendered":"<div class=\"wpb-content-wrapper\"><div class=\"vc_row wpb_row vc_row-fluid\"><div class=\"wpb_column vc_column_container vc_col-sm-12\"><div class=\"vc_column-inner\"><div class=\"wpb_wrapper\">\n\t<div class=\"wpb_text_column wpb_content_element\" >\n\t\t<div class=\"wpb_wrapper\">\n\t\t\t<h2 class=\"small mb\"><span id=\"specificatii-clasa-a\" class=\"anchor\"><\/span>Class-A specifications<\/h2>\n\n\t\t<\/div>\n\t<\/div>\n<\/div><\/div><\/div><\/div><div class=\"vc_row wpb_row vc_row-fluid\"><div class=\"wpb_column vc_column_container vc_col-sm-12\"><div class=\"vc_column-inner\"><div class=\"wpb_wrapper\"><div class=\"vc_row wpb_row vc_inner vc_row-fluid\"><div class=\"wpb_column vc_column_container vc_col-sm-6 vc_col-lg-3 vc_col-md-4\"><div class=\"vc_column-inner\"><div class=\"wpb_wrapper\"><div class=\"evc-image-with-text evc-shortcode\">\n\t<div class=\"evc-iwt-image\">\n\t\t\t\t\n\t\t\t\t\n\t\t<img loading=\"lazy\" decoding=\"async\" width=\"588\" height=\"340\" src=\"https:\/\/semaparc.ro\/wp-content\/uploads\/Class-A-Specs.-VRV-System@2x.jpg\" class=\"attachment-full size-full\" alt=\"\" \/>\t\t\n\t\t\t<\/div>\n\t<div class=\"evc-iwt-content\">\n\t\t\t\t\t\t\t<p class=\"evc-iwt-text\" >Innovative VRV system<\/p>\n\t\t\t<\/div>\n<\/div>\n<\/div><\/div><\/div><div class=\"wpb_column vc_column_container vc_col-sm-6 vc_col-lg-3 vc_col-md-4\"><div class=\"vc_column-inner\"><div class=\"wpb_wrapper\"><div class=\"evc-image-with-text evc-shortcode\">\n\t<div class=\"evc-iwt-image\">\n\t\t\t\t\n\t\t\t\t\n\t\t<img loading=\"lazy\" decoding=\"async\" width=\"588\" height=\"340\" src=\"https:\/\/semaparc.ro\/wp-content\/uploads\/Class-A-Specs.-3-m-height@2x.jpg\" class=\"attachment-full size-full\" alt=\"\" \/>\t\t\n\t\t\t<\/div>\n\t<div class=\"evc-iwt-content\">\n\t\t\t\t\t\t\t<p class=\"evc-iwt-text\" >3 m free height, above the standards of existing buildings in the city<\/p>\n\t\t\t<\/div>\n<\/div>\n<\/div><\/div><\/div><div class=\"wpb_column vc_column_container vc_col-sm-6 vc_col-lg-3 vc_col-md-4\"><div class=\"vc_column-inner\"><div class=\"wpb_wrapper\"><div class=\"evc-image-with-text evc-shortcode\">\n\t<div class=\"evc-iwt-image\">\n\t\t\t\t\n\t\t\t\t\n\t\t<img loading=\"lazy\" decoding=\"async\" width=\"588\" height=\"340\" src=\"https:\/\/semaparc.ro\/wp-content\/uploads\/Class-A-Specs.-technical-raised-floor@2x.jpg\" class=\"attachment-full size-full\" alt=\"\" \/>\t\t\n\t\t\t<\/div>\n\t<div class=\"evc-iwt-content\">\n\t\t\t\t\t\t\t<p class=\"evc-iwt-text\" >Technical raised floor 15 cm<\/p>\n\t\t\t<\/div>\n<\/div>\n<\/div><\/div><\/div><div class=\"wpb_column vc_column_container vc_col-sm-6 vc_col-lg-3 vc_col-md-4\"><div class=\"vc_column-inner\"><div class=\"wpb_wrapper\"><div class=\"evc-image-with-text evc-shortcode\">\n\t<div class=\"evc-iwt-image\">\n\t\t\t\t\n\t\t\t\t\n\t\t<img loading=\"lazy\" decoding=\"async\" width=\"588\" height=\"340\" src=\"https:\/\/semaparc.ro\/wp-content\/uploads\/image018@2x.jpg\" class=\"attachment-full size-full\" alt=\"\" \/>\t\t\n\t\t\t<\/div>\n\t<div class=\"evc-iwt-content\">\n\t\t\t\t\t\t\t<p class=\"evc-iwt-text\" >Natural lighting of all workspaces<\/p>\n\t\t\t<\/div>\n<\/div>\n<\/div><\/div><\/div><div class=\"wpb_column vc_column_container vc_col-sm-6 vc_col-lg-3 vc_col-md-4\"><div class=\"vc_column-inner\"><div class=\"wpb_wrapper\"><div class=\"evc-image-with-text evc-shortcode\">\n\t<div class=\"evc-iwt-image\">\n\t\t\t\t\n\t\t\t\t\n\t\t<img loading=\"lazy\" decoding=\"async\" width=\"588\" height=\"340\" src=\"https:\/\/semaparc.ro\/wp-content\/uploads\/Class-A-Specs.-Acoustical-ceiling@2x.jpg\" class=\"attachment-full size-full\" alt=\"\" \/>\t\t\n\t\t\t<\/div>\n\t<div class=\"evc-iwt-content\">\n\t\t\t\t\t\t\t<p class=\"evc-iwt-text\" >Acoustic ceiling<\/p>\n\t\t\t<\/div>\n<\/div>\n<\/div><\/div><\/div><div class=\"wpb_column vc_column_container vc_col-sm-6 vc_col-lg-3 vc_col-md-4\"><div class=\"vc_column-inner\"><div class=\"wpb_wrapper\"><div class=\"evc-image-with-text evc-shortcode\">\n\t<div class=\"evc-iwt-image\">\n\t\t\t\t\n\t\t\t\t\n\t\t<img loading=\"lazy\" decoding=\"async\" width=\"588\" height=\"340\" src=\"https:\/\/semaparc.ro\/wp-content\/uploads\/Class-A-Specs.-customized-office-spaces@2x.jpg\" class=\"attachment-full size-full\" alt=\"\" \/>\t\t\n\t\t\t<\/div>\n\t<div class=\"evc-iwt-content\">\n\t\t\t\t\t\t\t<p class=\"evc-iwt-text\" >Customized office spaces with deliverable fit-out<\/p>\n\t\t\t<\/div>\n<\/div>\n<\/div><\/div><\/div><div class=\"wpb_column vc_column_container vc_col-sm-6 vc_col-lg-3 vc_col-md-4\"><div class=\"vc_column-inner\"><div class=\"wpb_wrapper\"><div class=\"evc-image-with-text evc-shortcode\">\n\t<div class=\"evc-iwt-image\">\n\t\t\t\t\n\t\t\t\t\n\t\t<img loading=\"lazy\" decoding=\"async\" width=\"588\" height=\"340\" src=\"https:\/\/semaparc.ro\/wp-content\/uploads\/Class-A-Specs.-dedicated-technical-room@2x.jpg\" class=\"attachment-full size-full\" alt=\"\" \/>\t\t\n\t\t\t<\/div>\n\t<div class=\"evc-iwt-content\">\n\t\t\t\t\t\t\t<p class=\"evc-iwt-text\" >Dedicated technical rooms for server, storage and service area<\/p>\n\t\t\t<\/div>\n<\/div>\n<\/div><\/div><\/div><div class=\"wpb_column vc_column_container vc_col-sm-6 vc_col-lg-3 vc_col-md-4\"><div class=\"vc_column-inner\"><div class=\"wpb_wrapper\"><div class=\"evc-image-with-text evc-shortcode\">\n\t<div class=\"evc-iwt-image\">\n\t\t\t\t\n\t\t\t\t\n\t\t<img loading=\"lazy\" decoding=\"async\" width=\"588\" height=\"340\" src=\"https:\/\/semaparc.ro\/wp-content\/uploads\/Class-A-Specs.-advanced-BMS@2x.jpg\" class=\"attachment-full size-full\" alt=\"\" \/>\t\t\n\t\t\t<\/div>\n\t<div class=\"evc-iwt-content\">\n\t\t\t\t\t\t\t<p class=\"evc-iwt-text\" >Advanced BMS system<\/p>\n\t\t\t<\/div>\n<\/div>\n<\/div><\/div><\/div><div class=\"wpb_column vc_column_container vc_col-sm-6 vc_col-lg-3 vc_col-md-4\"><div class=\"vc_column-inner\"><div class=\"wpb_wrapper\"><div class=\"evc-image-with-text evc-shortcode\">\n\t<div class=\"evc-iwt-image\">\n\t\t\t\t\n\t\t\t\t\n\t\t<img loading=\"lazy\" decoding=\"async\" width=\"588\" height=\"340\" src=\"https:\/\/semaparc.ro\/wp-content\/uploads\/Class-A-Specs.-24-7-security@2x.jpg\" class=\"attachment-full size-full\" alt=\"\" \/>\t\t\n\t\t\t<\/div>\n\t<div class=\"evc-iwt-content\">\n\t\t\t\t\t\t\t<p class=\"evc-iwt-text\" >24\/7 security personnel<\/p>\n\t\t\t<\/div>\n<\/div>\n<\/div><\/div><\/div><div class=\"wpb_column vc_column_container vc_col-sm-6 vc_col-lg-3 vc_col-md-4\"><div class=\"vc_column-inner\"><div class=\"wpb_wrapper\"><div class=\"evc-image-with-text evc-shortcode\">\n\t<div class=\"evc-iwt-image\">\n\t\t\t\t\n\t\t\t\t\n\t\t<img loading=\"lazy\" decoding=\"async\" width=\"588\" height=\"340\" src=\"https:\/\/semaparc.ro\/wp-content\/uploads\/Class-A-Specs.-optimized-parking@2x.jpg\" class=\"attachment-full size-full\" alt=\"\" \/>\t\t\n\t\t\t<\/div>\n\t<div class=\"evc-iwt-content\">\n\t\t\t\t\t\t\t<p class=\"evc-iwt-text\" >Optimized underground parking<\/p>\n\t\t\t<\/div>\n<\/div>\n<\/div><\/div><\/div><div class=\"wpb_column vc_column_container vc_col-sm-6 vc_col-lg-3 vc_col-md-4\"><div class=\"vc_column-inner\"><div class=\"wpb_wrapper\"><div class=\"evc-image-with-text evc-shortcode\">\n\t<div class=\"evc-iwt-image\">\n\t\t\t\t\n\t\t\t\t\n\t\t<img loading=\"lazy\" decoding=\"async\" width=\"588\" height=\"340\" src=\"https:\/\/semaparc.ro\/wp-content\/uploads\/Class-A-Specs.-safety-for-equipments@2x.jpg\" class=\"attachment-full size-full\" alt=\"\" \/>\t\t\n\t\t\t<\/div>\n\t<div class=\"evc-iwt-content\">\n\t\t\t\t\t\t\t<p class=\"evc-iwt-text\" >Stand-by power generator for life safety<\/p>\n\t\t\t<\/div>\n<\/div>\n<\/div><\/div><\/div><div class=\"wpb_column vc_column_container vc_col-sm-6 vc_col-lg-3 vc_col-md-4\"><div class=\"vc_column-inner\"><div class=\"wpb_wrapper\"><div class=\"evc-image-with-text evc-shortcode\">\n\t<div class=\"evc-iwt-image\">\n\t\t\t\t\n\t\t\t\t\n\t\t<img loading=\"lazy\" decoding=\"async\" width=\"588\" height=\"340\" src=\"https:\/\/semaparc.ro\/wp-content\/uploads\/Class-A-Specs.-atractive-design@2x.jpg\" class=\"attachment-full size-full\" alt=\"\" \/>\t\t\n\t\t\t<\/div>\n\t<div class=\"evc-iwt-content\">\n\t\t\t\t\t\t\t<p class=\"evc-iwt-text\" >Attractive design of common areas<\/p>\n\t\t\t<\/div>\n<\/div>\n<\/div><\/div><\/div><\/div><\/div><\/div><\/div><\/div>\n<\/div>","protected":false},"excerpt":{"rendered":"Specifica\u021bii Clas\u0103 A Sistem VRV inovator \u00cen\u0103l\u021bime liber\u0103 3 m, peste standardul mediu din ora\u0219 Pardoseal\u0103 flotant\u0103 15 cm Iluminarea natural\u0103 a tuturor spa\u021biilor de lucru Tavan acustic Spatii de birouri customizabile, cu posibilitate de fit-out Camere tehnice dedicate pentru servere, depozitare \u0219i zon\u0103 servicii Sistem BMS avansat Paz\u0103 24\/ 7 Parcare subterana optimizata Generatoare [...]","protected":false},"author":1,"featured_media":0,"parent":0,"menu_order":0,"comment_status":"closed","ping_status":"closed","template":"","meta":{"footnotes":""},"class_list":["post-279","page","type-page","status-publish","hentry"],"acf":[],"yoast_head":"<!-- This site is optimized with the Yoast SEO plugin v27.3 - https:\/\/yoast.com\/product\/yoast-seo-wordpress\/ -->\n<title>_specificatii-clasa-a - Sema Parc<\/title>\n<meta name=\"robots\" content=\"index, follow, max-snippet:-1, max-image-preview:large, max-video-preview:-1\" \/>\n<link rel=\"canonical\" href=\"https:\/\/semaparc.ro\/en\/_specificatii-clasa-a\/\" \/>\n<meta property=\"og:locale\" content=\"en_US\" \/>\n<meta property=\"og:type\" content=\"article\" \/>\n<meta property=\"og:title\" content=\"_specificatii-clasa-a - Sema Parc\" \/>\n<meta property=\"og:url\" content=\"https:\/\/semaparc.ro\/en\/_specificatii-clasa-a\/\" \/>\n<meta property=\"og:site_name\" content=\"Sema Parc\" \/>\n<meta property=\"article:modified_time\" content=\"2020-12-11T10:16:27+00:00\" \/>\n<meta name=\"twitter:card\" content=\"summary_large_image\" \/>\n<meta name=\"twitter:label1\" content=\"Est. reading time\" \/>\n\t<meta name=\"twitter:data1\" content=\"4 minutes\" \/>\n<script type=\"application\/ld+json\" class=\"yoast-schema-graph\">{\"@context\":\"https:\\\/\\\/schema.org\",\"@graph\":[{\"@type\":\"WebPage\",\"@id\":\"https:\\\/\\\/semaparc.ro\\\/en\\\/_specificatii-clasa-a\\\/\",\"url\":\"https:\\\/\\\/semaparc.ro\\\/en\\\/_specificatii-clasa-a\\\/\",\"name\":\"_specificatii-clasa-a - Sema Parc\",\"isPartOf\":{\"@id\":\"https:\\\/\\\/semaparc.ro\\\/#website\"},\"datePublished\":\"2020-07-10T19:19:53+00:00\",\"dateModified\":\"2020-12-11T10:16:27+00:00\",\"breadcrumb\":{\"@id\":\"https:\\\/\\\/semaparc.ro\\\/en\\\/_specificatii-clasa-a\\\/#breadcrumb\"},\"inLanguage\":\"en-US\",\"potentialAction\":[{\"@type\":\"ReadAction\",\"target\":[\"https:\\\/\\\/semaparc.ro\\\/en\\\/_specificatii-clasa-a\\\/\"]}]},{\"@type\":\"BreadcrumbList\",\"@id\":\"https:\\\/\\\/semaparc.ro\\\/en\\\/_specificatii-clasa-a\\\/#breadcrumb\",\"itemListElement\":[{\"@type\":\"ListItem\",\"position\":1,\"name\":\"Prima pagin\u0103\",\"item\":\"https:\\\/\\\/semaparc.ro\\\/\"},{\"@type\":\"ListItem\",\"position\":2,\"name\":\"_specificatii-clasa-a\"}]},{\"@type\":\"WebSite\",\"@id\":\"https:\\\/\\\/semaparc.ro\\\/#website\",\"url\":\"https:\\\/\\\/semaparc.ro\\\/\",\"name\":\"Sema Parc\",\"description\":\"\u00cen inima comunit\u0103\u021bii\",\"potentialAction\":[{\"@type\":\"SearchAction\",\"target\":{\"@type\":\"EntryPoint\",\"urlTemplate\":\"https:\\\/\\\/semaparc.ro\\\/?s={search_term_string}\"},\"query-input\":{\"@type\":\"PropertyValueSpecification\",\"valueRequired\":true,\"valueName\":\"search_term_string\"}}],\"inLanguage\":\"en-US\"}]}<\/script>\n<!-- \/ Yoast SEO plugin. -->","yoast_head_json":{"title":"_specificatii-clasa-a - Sema Parc","robots":{"index":"index","follow":"follow","max-snippet":"max-snippet:-1","max-image-preview":"max-image-preview:large","max-video-preview":"max-video-preview:-1"},"canonical":"https:\/\/semaparc.ro\/en\/_specificatii-clasa-a\/","og_locale":"en_US","og_type":"article","og_title":"_specificatii-clasa-a - Sema Parc","og_url":"https:\/\/semaparc.ro\/en\/_specificatii-clasa-a\/","og_site_name":"Sema Parc","article_modified_time":"2020-12-11T10:16:27+00:00","twitter_card":"summary_large_image","twitter_misc":{"Est. reading time":"4 minutes"},"schema":{"@context":"https:\/\/schema.org","@graph":[{"@type":"WebPage","@id":"https:\/\/semaparc.ro\/en\/_specificatii-clasa-a\/","url":"https:\/\/semaparc.ro\/en\/_specificatii-clasa-a\/","name":"_specificatii-clasa-a - Sema Parc","isPartOf":{"@id":"https:\/\/semaparc.ro\/#website"},"datePublished":"2020-07-10T19:19:53+00:00","dateModified":"2020-12-11T10:16:27+00:00","breadcrumb":{"@id":"https:\/\/semaparc.ro\/en\/_specificatii-clasa-a\/#breadcrumb"},"inLanguage":"en-US","potentialAction":[{"@type":"ReadAction","target":["https:\/\/semaparc.ro\/en\/_specificatii-clasa-a\/"]}]},{"@type":"BreadcrumbList","@id":"https:\/\/semaparc.ro\/en\/_specificatii-clasa-a\/#breadcrumb","itemListElement":[{"@type":"ListItem","position":1,"name":"Prima pagin\u0103","item":"https:\/\/semaparc.ro\/"},{"@type":"ListItem","position":2,"name":"_specificatii-clasa-a"}]},{"@type":"WebSite","@id":"https:\/\/semaparc.ro\/#website","url":"https:\/\/semaparc.ro\/","name":"Sema Parc","description":"In the heart of the community","potentialAction":[{"@type":"SearchAction","target":{"@type":"EntryPoint","urlTemplate":"https:\/\/semaparc.ro\/?s={search_term_string}"},"query-input":{"@type":"PropertyValueSpecification","valueRequired":true,"valueName":"search_term_string"}}],"inLanguage":"en-US"}]}},"_links":{"self":[{"href":"https:\/\/semaparc.ro\/en\/wp-json\/wp\/v2\/pages\/279","targetHints":{"allow":["GET"]}}],"collection":[{"href":"https:\/\/semaparc.ro\/en\/wp-json\/wp\/v2\/pages"}],"about":[{"href":"https:\/\/semaparc.ro\/en\/wp-json\/wp\/v2\/types\/page"}],"author":[{"embeddable":true,"href":"https:\/\/semaparc.ro\/en\/wp-json\/wp\/v2\/users\/1"}],"replies":[{"embeddable":true,"href":"https:\/\/semaparc.ro\/en\/wp-json\/wp\/v2\/comments?post=279"}],"version-history":[{"count":9,"href":"https:\/\/semaparc.ro\/en\/wp-json\/wp\/v2\/pages\/279\/revisions"}],"predecessor-version":[{"id":824,"href":"https:\/\/semaparc.ro\/en\/wp-json\/wp\/v2\/pages\/279\/revisions\/824"}],"wp:attachment":[{"href":"https:\/\/semaparc.ro\/en\/wp-json\/wp\/v2\/media?parent=279"}],"curies":[{"name":"wp","href":"https:\/\/api.w.org\/{rel}","templated":true}]}}