
{"id":1040,"date":"2020-12-16T12:17:29","date_gmt":"2020-12-16T12:17:29","guid":{"rendered":"https:\/\/semaparc.ro\/?page_id=1040"},"modified":"2020-12-21T14:40:17","modified_gmt":"2020-12-21T14:40:17","slug":"_alte-spatii","status":"publish","type":"page","link":"https:\/\/semaparc.ro\/en\/_alte-spatii\/","title":{"rendered":"_alte-spatii"},"content":{"rendered":"<div class=\"wpb-content-wrapper\"><section class=\"vc_section\"><div class=\"vc_row wpb_row vc_row-fluid\"><div class=\"wpb_column vc_column_container vc_col-sm-12\"><div class=\"vc_column-inner\"><div class=\"wpb_wrapper\"><div class=\"vc_row wpb_row vc_inner vc_row-fluid\"><div class=\"wpb_column vc_column_container vc_col-sm-12 vc_col-lg-offset-1 vc_col-lg-10 vc_col-md-offset-1 vc_col-md-10\"><div class=\"vc_column-inner\"><div class=\"wpb_wrapper\">\n\t<div class=\"wpb_text_column wpb_content_element\" >\n\t\t<div class=\"wpb_wrapper\">\n\t\t\t<h3 class=\"center\">Other spaces available in Sema Parc<\/h3>\n\n\t\t<\/div>\n\t<\/div>\n<\/div><\/div><\/div><\/div><div class=\"vc_row wpb_row vc_inner vc_row-fluid\"><div class=\"wpb_column vc_column_container vc_col-sm-12 vc_col-lg-offset-1 vc_col-lg-10 vc_col-md-offset-1 vc_col-md-10\"><div class=\"vc_column-inner\"><div class=\"wpb_wrapper\">\n\t<div  class=\"wpb_single_image wpb_content_element vc_align_left wpb_content_element\">\n\t\t\n\t\t<figure class=\"wpb_wrapper vc_figure\">\n\t\t\t<div class=\"vc_single_image-wrapper   vc_box_border_grey\"><img loading=\"lazy\" decoding=\"async\" width=\"975\" height=\"480\" src=\"https:\/\/semaparc.ro\/wp-content\/uploads\/alte-spatii-2.jpg\" class=\"vc_single_image-img attachment-full\" alt=\"\" title=\"alte-spatii-2\" srcset=\"https:\/\/semaparc.ro\/wp-content\/uploads\/alte-spatii-2.jpg 975w, https:\/\/semaparc.ro\/wp-content\/uploads\/alte-spatii-2-611x301.jpg 611w, https:\/\/semaparc.ro\/wp-content\/uploads\/alte-spatii-2-768x378.jpg 768w, https:\/\/semaparc.ro\/wp-content\/uploads\/alte-spatii-2-16x8.jpg 16w\" sizes=\"auto, (max-width: 975px) 100vw, 975px\" \/><\/div>\n\t\t<\/figure>\n\t<\/div>\n<\/div><\/div><\/div><\/div><div class=\"vc_row wpb_row vc_inner vc_row-fluid\"><div class=\"wpb_column vc_column_container vc_col-sm-12 vc_col-lg-offset-2 vc_col-lg-8 vc_col-md-offset-2 vc_col-md-8\"><div class=\"vc_column-inner\"><div class=\"wpb_wrapper\">\n\t<div class=\"wpb_text_column wpb_content_element\" >\n\t\t<div class=\"wpb_wrapper\">\n\t\t\t<p>On the entire site of Sema Parc, coexist the new developments - class A office buildings, built or under construction - with the spaces and buildings in the industrial park, having diverse functionalities.<\/p>\n<p>The buildings and spaces available in this\narea have been completely refurbished and\ncan be a starting point for any type of\nbusiness, but especially for those with\nlogistics activities, storage needs, small non-polluting production workshops.<\/p>\n<p>The entire area benefits from an excellent access infrastructure and all the benefits arising from the premium location of the entire project.<\/p>\n\n\t\t<\/div>\n\t<\/div>\n<div class=\"vc_btn3-container  btn btn-download vc_btn3-center vc_do_btn\" ><a class=\"vc_general vc_btn3 vc_btn3-size-md vc_btn3-shape-rounded vc_btn3-style-modern vc_btn3-icon-right vc_btn3-color-grey\" href=\"https:\/\/semaparc.ro\/en\/alte-spatii-disponibile-in-sema-parc\/\" title=\"Alte spatii disponibile \u00een sema parc\">Check availability <i class=\"vc_btn3-icon fas fa-angle-right\"><\/i><\/a><\/div><\/div><\/div><\/div><\/div><\/div><\/div><\/div><\/div><\/section>\n<\/div>","protected":false},"excerpt":{"rendered":"Alte spa\u021bii disponibile \u00een Sema Parc Pe \u00eentreaga suprafa\u021b\u0103 a proiectului de aproape 41 ha, coexist\u0103 \u00een mod armonios noile cl\u0103diri de birouri de clas\u0103 A, construite sau \u00een construc\u021bie, cu spa\u021biile \u0219i cl\u0103dirile din parcul industrial, cu destina\u021bii multiple. Cl\u0103dirile \u0219i spa\u021biile disponibile \u00een aceasta zona sunt complet renovate \u0219i modernizate \u0219i pot fi [...]","protected":false},"author":1,"featured_media":0,"parent":0,"menu_order":0,"comment_status":"closed","ping_status":"closed","template":"fullwidth.php","meta":{"footnotes":""},"class_list":["post-1040","page","type-page","status-publish","hentry"],"acf":[],"yoast_head":"<!-- This site is optimized with the Yoast SEO plugin v27.5 - https:\/\/yoast.com\/product\/yoast-seo-wordpress\/ -->\n<title>_alte-spatii - Sema Parc<\/title>\n<meta name=\"robots\" content=\"index, follow, max-snippet:-1, max-image-preview:large, max-video-preview:-1\" \/>\n<link rel=\"canonical\" href=\"https:\/\/semaparc.ro\/en\/_alte-spatii\/\" \/>\n<meta property=\"og:locale\" content=\"en_US\" \/>\n<meta property=\"og:type\" content=\"article\" \/>\n<meta property=\"og:title\" content=\"_alte-spatii - Sema Parc\" \/>\n<meta property=\"og:url\" content=\"https:\/\/semaparc.ro\/en\/_alte-spatii\/\" \/>\n<meta property=\"og:site_name\" content=\"Sema Parc\" \/>\n<meta property=\"article:modified_time\" content=\"2020-12-21T14:40:17+00:00\" \/>\n<meta name=\"twitter:card\" content=\"summary_large_image\" \/>\n<meta name=\"twitter:label1\" content=\"Est. reading time\" \/>\n\t<meta name=\"twitter:data1\" content=\"1 minute\" \/>\n<script type=\"application\/ld+json\" class=\"yoast-schema-graph\">{\"@context\":\"https:\\\/\\\/schema.org\",\"@graph\":[{\"@type\":\"WebPage\",\"@id\":\"https:\\\/\\\/semaparc.ro\\\/en\\\/_alte-spatii\\\/\",\"url\":\"https:\\\/\\\/semaparc.ro\\\/en\\\/_alte-spatii\\\/\",\"name\":\"_alte-spatii - Sema Parc\",\"isPartOf\":{\"@id\":\"https:\\\/\\\/semaparc.ro\\\/#website\"},\"datePublished\":\"2020-12-16T12:17:29+00:00\",\"dateModified\":\"2020-12-21T14:40:17+00:00\",\"breadcrumb\":{\"@id\":\"https:\\\/\\\/semaparc.ro\\\/en\\\/_alte-spatii\\\/#breadcrumb\"},\"inLanguage\":\"en-US\",\"potentialAction\":[{\"@type\":\"ReadAction\",\"target\":[\"https:\\\/\\\/semaparc.ro\\\/en\\\/_alte-spatii\\\/\"]}]},{\"@type\":\"BreadcrumbList\",\"@id\":\"https:\\\/\\\/semaparc.ro\\\/en\\\/_alte-spatii\\\/#breadcrumb\",\"itemListElement\":[{\"@type\":\"ListItem\",\"position\":1,\"name\":\"Prima pagin\u0103\",\"item\":\"https:\\\/\\\/semaparc.ro\\\/\"},{\"@type\":\"ListItem\",\"position\":2,\"name\":\"_alte-spatii\"}]},{\"@type\":\"WebSite\",\"@id\":\"https:\\\/\\\/semaparc.ro\\\/#website\",\"url\":\"https:\\\/\\\/semaparc.ro\\\/\",\"name\":\"Sema Parc\",\"description\":\"\u00cen inima comunit\u0103\u021bii\",\"potentialAction\":[{\"@type\":\"SearchAction\",\"target\":{\"@type\":\"EntryPoint\",\"urlTemplate\":\"https:\\\/\\\/semaparc.ro\\\/?s={search_term_string}\"},\"query-input\":{\"@type\":\"PropertyValueSpecification\",\"valueRequired\":true,\"valueName\":\"search_term_string\"}}],\"inLanguage\":\"en-US\"}]}<\/script>\n<!-- \/ Yoast SEO plugin. -->","yoast_head_json":{"title":"_alte-spatii - Sema Parc","robots":{"index":"index","follow":"follow","max-snippet":"max-snippet:-1","max-image-preview":"max-image-preview:large","max-video-preview":"max-video-preview:-1"},"canonical":"https:\/\/semaparc.ro\/en\/_alte-spatii\/","og_locale":"en_US","og_type":"article","og_title":"_alte-spatii - Sema Parc","og_url":"https:\/\/semaparc.ro\/en\/_alte-spatii\/","og_site_name":"Sema Parc","article_modified_time":"2020-12-21T14:40:17+00:00","twitter_card":"summary_large_image","twitter_misc":{"Est. reading time":"1 minute"},"schema":{"@context":"https:\/\/schema.org","@graph":[{"@type":"WebPage","@id":"https:\/\/semaparc.ro\/en\/_alte-spatii\/","url":"https:\/\/semaparc.ro\/en\/_alte-spatii\/","name":"_alte-spatii - Sema Parc","isPartOf":{"@id":"https:\/\/semaparc.ro\/#website"},"datePublished":"2020-12-16T12:17:29+00:00","dateModified":"2020-12-21T14:40:17+00:00","breadcrumb":{"@id":"https:\/\/semaparc.ro\/en\/_alte-spatii\/#breadcrumb"},"inLanguage":"en-US","potentialAction":[{"@type":"ReadAction","target":["https:\/\/semaparc.ro\/en\/_alte-spatii\/"]}]},{"@type":"BreadcrumbList","@id":"https:\/\/semaparc.ro\/en\/_alte-spatii\/#breadcrumb","itemListElement":[{"@type":"ListItem","position":1,"name":"Prima pagin\u0103","item":"https:\/\/semaparc.ro\/"},{"@type":"ListItem","position":2,"name":"_alte-spatii"}]},{"@type":"WebSite","@id":"https:\/\/semaparc.ro\/#website","url":"https:\/\/semaparc.ro\/","name":"Sema Parc","description":"In the heart of the community","potentialAction":[{"@type":"SearchAction","target":{"@type":"EntryPoint","urlTemplate":"https:\/\/semaparc.ro\/?s={search_term_string}"},"query-input":{"@type":"PropertyValueSpecification","valueRequired":true,"valueName":"search_term_string"}}],"inLanguage":"en-US"}]}},"_links":{"self":[{"href":"https:\/\/semaparc.ro\/en\/wp-json\/wp\/v2\/pages\/1040","targetHints":{"allow":["GET"]}}],"collection":[{"href":"https:\/\/semaparc.ro\/en\/wp-json\/wp\/v2\/pages"}],"about":[{"href":"https:\/\/semaparc.ro\/en\/wp-json\/wp\/v2\/types\/page"}],"author":[{"embeddable":true,"href":"https:\/\/semaparc.ro\/en\/wp-json\/wp\/v2\/users\/1"}],"replies":[{"embeddable":true,"href":"https:\/\/semaparc.ro\/en\/wp-json\/wp\/v2\/comments?post=1040"}],"version-history":[{"count":10,"href":"https:\/\/semaparc.ro\/en\/wp-json\/wp\/v2\/pages\/1040\/revisions"}],"predecessor-version":[{"id":1398,"href":"https:\/\/semaparc.ro\/en\/wp-json\/wp\/v2\/pages\/1040\/revisions\/1398"}],"wp:attachment":[{"href":"https:\/\/semaparc.ro\/en\/wp-json\/wp\/v2\/media?parent=1040"}],"curies":[{"name":"wp","href":"https:\/\/api.w.org\/{rel}","templated":true}]}}